{"id":477608,"date":"2024-11-25T08:45:17","date_gmt":"2024-11-25T07:45:17","guid":{"rendered":"https:\/\/shop.kustom.ch\/?post_type=product&#038;p=477608"},"modified":"2026-04-16T10:16:20","modified_gmt":"2026-04-16T09:16:20","slug":"adv-explore-shell-jacket-m","status":"publish","type":"product","link":"https:\/\/shop.kustom.ch\/en\/product\/adv-explore-shell-jacket-m\/","title":{"rendered":"ADV Explore Shell Jacket M"},"content":{"rendered":"<p>Waterproof 3-layer shell jacket with fully taped seams. Perfect for outdoor activities in wet conditions.<\/p>\n<p>- 15 000 WP \/ 15 000 MVP<br \/>\n- Fully welded seams<br \/>\n- 3-layer material<br \/>\n- Waterproof zips<br \/>\n- Ventilation zips under the arms<br \/>\n- Velcro fastener at the sleeve ends<br \/>\n- Adjustable hood<br \/>\n- Two large side pockets with zip<br \/>\n- Extended back section<\/p>\n<p>Material: 100% recycled polyester<\/p>","protected":false},"excerpt":{"rendered":"<p>Wasserfeste 3-Lagen-Shelljacket mit vollst\u00e4ndig verschweissten N\u00e4hten. Perfekt f\u00fcr Outdoor-Aktivit\u00e4ten bei nassen Bedingungen. \u2022 15\u00a0000 WP \/ 15\u00a0000 MVP \u2022 Vollst\u00e4ndig verschweisste N\u00e4hte \u2022 3-Lagen-Material \u2022 Wasserfeste Reissverschl\u00fcsse \u2022 L\u00fcftungsreissverschl\u00fcsse unter den Armen \u2022 Klettverschluss an den \u00c4rmelabschl\u00fcssen \u2022 Verstellbare Kapuze \u2022 Zwei grosse Seitentaschen mit Reissverschluss \u2022 Verl\u00e4ngerte R\u00fcckenpartie Material: 100% Recycling-Polyester<\/p>","protected":false},"featured_media":477656,"template":"","meta":[],"product_brand":[],"product_cat":[4186],"product_tag":[],"class_list":{"0":"post-477608","1":"product","2":"type-product","3":"status-publish","4":"has-post-thumbnail","6":"product_cat-jacken","7":"pa_brand-craft-retail-sportswear","8":"pa_brand-type-sportswear","9":"pa_filter-color-blau","10":"pa_filter-color-gruen","11":"pa_filter-color-schwarz","13":"first","14":"instock","15":"sale","16":"taxable","17":"shipping-taxable","18":"purchasable","19":"product-type-variable","20":"add-to-wishlist-before_image"},"exclude_global_add_ons":[],"addons":[],"acf":[],"_links":{"self":[{"href":"https:\/\/shop.kustom.ch\/en\/wp-json\/wp\/v2\/product\/477608"}],"collection":[{"href":"https:\/\/shop.kustom.ch\/en\/wp-json\/wp\/v2\/product"}],"about":[{"href":"https:\/\/shop.kustom.ch\/en\/wp-json\/wp\/v2\/types\/product"}],"wp:featuredmedia":[{"embeddable":true,"href":"https:\/\/shop.kustom.ch\/en\/wp-json\/wp\/v2\/media\/477656"}],"wp:attachment":[{"href":"https:\/\/shop.kustom.ch\/en\/wp-json\/wp\/v2\/media?parent=477608"}],"wp:term":[{"taxonomy":"product_brand","embeddable":true,"href":"https:\/\/shop.kustom.ch\/en\/wp-json\/wp\/v2\/product_brand?post=477608"},{"taxonomy":"product_cat","embeddable":true,"href":"https:\/\/shop.kustom.ch\/en\/wp-json\/wp\/v2\/product_cat?post=477608"},{"taxonomy":"product_tag","embeddable":true,"href":"https:\/\/shop.kustom.ch\/en\/wp-json\/wp\/v2\/product_tag?post=477608"}],"curies":[{"name":"wp","href":"https:\/\/api.w.org\/{rel}","templated":true}]}}