{"id":477480,"date":"2024-11-25T08:42:59","date_gmt":"2024-11-25T07:42:59","guid":{"rendered":"https:\/\/shop.kustom.ch\/?post_type=product&#038;p=477480"},"modified":"2026-03-27T14:16:31","modified_gmt":"2026-03-27T13:16:31","slug":"pro-explore-hiking-pant-m","status":"publish","type":"product","link":"https:\/\/shop.kustom.ch\/en\/product\/pro-explore-hiking-pant-m\/","title":{"rendered":"PRO Explore Hiking Pant M"},"content":{"rendered":"<p>Hard-wearing outdoor trousers made from 4-way stretch material for optimum freedom of movement and a high level of comfort. Reinforced knee and seat area. Belt pockets and pockets with zip on the front and back.<\/p>\n<p>- Robust stretch inserts on the knees and seat<br \/>\n- 4-way stretch material<br \/>\n- Adjustable leg ends<br \/>\n- Leg pocket with zip<br \/>\n- Back pocket with zip<br \/>\n- Two side pockets<br \/>\n- Stretch inserts at the waistband<\/p>\n<p>Material: Body: 45% recycled poylamide, 50% poylamide, 5% elastane. Insert: 46% recycled poylamide, 44% poylamide, 10% elastane<\/p>","protected":false},"excerpt":{"rendered":"<p>Strapazierf\u00e4hig Outdoor-Pants aus 4-Wege-Stretchmaterial f\u00fcr optimale Bewegungsfreiheit und hohen Komfort. Verst\u00e4rkte Knie- und Ges\u00e4sspartie. G\u00fcrtellaschen und Taschen mit Reissverschluss auf der Vorder- und R\u00fcckseite. \u2022 Robuste Stretch-Eins\u00e4tze an den Knien und am Ges\u00e4ss \u2022 4-Wege-Stretchmaterial \u2022 Verstellbare Beinenden \u2022 Beintasche mit Reissverschluss \u2022 Ges\u00e4sstasche mit Reissverschluss \u2022 Zwei Seitentaschen \u2022 Stretch-Eins\u00e4tze am Bund Material: K\u00f6rper: [&hellip;]<\/p>\n","protected":false},"featured_media":477521,"template":"","meta":[],"product_brand":[],"product_cat":[4185],"product_tag":[],"class_list":{"0":"post-477480","1":"product","2":"type-product","3":"status-publish","4":"has-post-thumbnail","6":"product_cat-hosen","7":"pa_brand-craft-retail-sportswear","8":"pa_brand-type-sportswear","9":"pa_filter-color-grau","10":"pa_filter-color-gruen","11":"pa_filter-color-schwarz","13":"first","14":"instock","15":"sale","16":"taxable","17":"shipping-taxable","18":"purchasable","19":"product-type-variable","20":"add-to-wishlist-before_image"},"exclude_global_add_ons":[],"addons":[],"acf":[],"_links":{"self":[{"href":"https:\/\/shop.kustom.ch\/en\/wp-json\/wp\/v2\/product\/477480"}],"collection":[{"href":"https:\/\/shop.kustom.ch\/en\/wp-json\/wp\/v2\/product"}],"about":[{"href":"https:\/\/shop.kustom.ch\/en\/wp-json\/wp\/v2\/types\/product"}],"wp:featuredmedia":[{"embeddable":true,"href":"https:\/\/shop.kustom.ch\/en\/wp-json\/wp\/v2\/media\/477521"}],"wp:attachment":[{"href":"https:\/\/shop.kustom.ch\/en\/wp-json\/wp\/v2\/media?parent=477480"}],"wp:term":[{"taxonomy":"product_brand","embeddable":true,"href":"https:\/\/shop.kustom.ch\/en\/wp-json\/wp\/v2\/product_brand?post=477480"},{"taxonomy":"product_cat","embeddable":true,"href":"https:\/\/shop.kustom.ch\/en\/wp-json\/wp\/v2\/product_cat?post=477480"},{"taxonomy":"product_tag","embeddable":true,"href":"https:\/\/shop.kustom.ch\/en\/wp-json\/wp\/v2\/product_tag?post=477480"}],"curies":[{"name":"wp","href":"https:\/\/api.w.org\/{rel}","templated":true}]}}