{"id":477479,"date":"2024-11-25T08:42:59","date_gmt":"2024-11-25T07:42:59","guid":{"rendered":"https:\/\/shop.kustom.ch\/?post_type=product&#038;p=477479"},"modified":"2026-03-27T15:01:22","modified_gmt":"2026-03-27T14:01:22","slug":"pro-explore-wool-midlayer-w","status":"publish","type":"product","link":"https:\/\/shop.kustom.ch\/en\/product\/pro-explore-wool-midlayer-w\/","title":{"rendered":"PRO Explore Wool Midlayer W"},"content":{"rendered":"<p>The wool mid-layer is a perfect choice for adventures in the great outdoors and for everyday use. With a chest pocket and thumb hole at the sleeve end.<\/p>\n<p>- Chest pocket with zip<br \/>\n- Thumb hole at the end of the sleeve<br \/>\n- Two side pockets with zip<br \/>\n- Tight fit<\/p>\n<p>Material: 28% wool, 69% polyester, 3% elastane<\/p>","protected":false},"excerpt":{"rendered":"<p>Der Mid-Layer aus Wolle ist eine perfekte Wahl f\u00fcr Abenteuer in der freien Natur und f\u00fcr den Alltagsgebrauch. Mit einer Brusttasche und Daumenloch am \u00c4rmelende. \u2022 Brusttasche mit Reissverschluss \u2022 Daumenloch am \u00c4rmelende \u2022 Zwei Seitentaschen mit Reissverschluss \u2022 Enge Passform Material: 28% Wolle, 69% Polyester, 3% Elasthan<\/p>","protected":false},"featured_media":477505,"template":"","meta":[],"product_brand":[],"product_cat":[4191],"product_tag":[],"class_list":{"0":"post-477479","1":"product","2":"type-product","3":"status-publish","4":"has-post-thumbnail","6":"product_cat-longsleeves-sweatshirts","7":"pa_brand-craft-retail-sportswear","8":"pa_brand-type-sportswear","9":"pa_filter-color-blau","10":"pa_filter-color-schwarz","12":"first","13":"instock","14":"sale","15":"taxable","16":"shipping-taxable","17":"purchasable","18":"product-type-variable","19":"add-to-wishlist-before_image"},"exclude_global_add_ons":[],"addons":[],"acf":[],"_links":{"self":[{"href":"https:\/\/shop.kustom.ch\/en\/wp-json\/wp\/v2\/product\/477479"}],"collection":[{"href":"https:\/\/shop.kustom.ch\/en\/wp-json\/wp\/v2\/product"}],"about":[{"href":"https:\/\/shop.kustom.ch\/en\/wp-json\/wp\/v2\/types\/product"}],"wp:featuredmedia":[{"embeddable":true,"href":"https:\/\/shop.kustom.ch\/en\/wp-json\/wp\/v2\/media\/477505"}],"wp:attachment":[{"href":"https:\/\/shop.kustom.ch\/en\/wp-json\/wp\/v2\/media?parent=477479"}],"wp:term":[{"taxonomy":"product_brand","embeddable":true,"href":"https:\/\/shop.kustom.ch\/en\/wp-json\/wp\/v2\/product_brand?post=477479"},{"taxonomy":"product_cat","embeddable":true,"href":"https:\/\/shop.kustom.ch\/en\/wp-json\/wp\/v2\/product_cat?post=477479"},{"taxonomy":"product_tag","embeddable":true,"href":"https:\/\/shop.kustom.ch\/en\/wp-json\/wp\/v2\/product_tag?post=477479"}],"curies":[{"name":"wp","href":"https:\/\/api.w.org\/{rel}","templated":true}]}}