{"id":477443,"date":"2024-11-25T08:42:20","date_gmt":"2024-11-25T07:42:20","guid":{"rendered":"https:\/\/shop.kustom.ch\/?post_type=product&#038;p=477443"},"modified":"2026-03-27T15:18:56","modified_gmt":"2026-03-27T14:18:56","slug":"adv-essence-6-woven-shorts-m","status":"publish","type":"product","link":"https:\/\/shop.kustom.ch\/en\/product\/adv-essence-6-woven-shorts-m\/","title":{"rendered":"ADV Essence 6\u2033 Woven Shorts M"},"content":{"rendered":"<p>Training shorts 6\", suitable for most sporting activities. Adjustable waistband with drawstring and two slanted side pockets.<\/p>\n<p>- Normal fit<br \/>\n- Two slanted side pockets<br \/>\n- Adjustable waistband with drawstring<br \/>\n- Perforated elements<\/p>\n<p>Material: 90% polyester, 10% elastane<\/p>","protected":false},"excerpt":{"rendered":"<p>Training-Shorts 6&#8220;, geeignet f\u00fcr die meisten sportlichen Aktivit\u00e4ten. Verstellbarer Bund mit Kordelzug und zwei schr\u00e4g verlaufenden Seitentaschen. \u2022 Normale Passform \u2022 Zwei schr\u00e4g verlaufende Seitentaschen \u2022 Verstellbarer Bund mit Kordelzug \u2022 Perforierte Elemente Material: 90% Polyester, 10% Elasthan<\/p>","protected":false},"featured_media":477445,"template":"","meta":[],"product_brand":[],"product_cat":[4198],"product_tag":[],"class_list":{"0":"post-477443","1":"product","2":"type-product","3":"status-publish","4":"has-post-thumbnail","6":"product_cat-shorts","7":"pa_brand-craft-retail-sportswear","8":"pa_brand-type-sportswear","9":"pa_filter-color-schwarz","11":"first","12":"instock","13":"sale","14":"taxable","15":"shipping-taxable","16":"purchasable","17":"product-type-variable","18":"add-to-wishlist-before_image"},"exclude_global_add_ons":[],"addons":[],"acf":[],"_links":{"self":[{"href":"https:\/\/shop.kustom.ch\/en\/wp-json\/wp\/v2\/product\/477443"}],"collection":[{"href":"https:\/\/shop.kustom.ch\/en\/wp-json\/wp\/v2\/product"}],"about":[{"href":"https:\/\/shop.kustom.ch\/en\/wp-json\/wp\/v2\/types\/product"}],"wp:featuredmedia":[{"embeddable":true,"href":"https:\/\/shop.kustom.ch\/en\/wp-json\/wp\/v2\/media\/477445"}],"wp:attachment":[{"href":"https:\/\/shop.kustom.ch\/en\/wp-json\/wp\/v2\/media?parent=477443"}],"wp:term":[{"taxonomy":"product_brand","embeddable":true,"href":"https:\/\/shop.kustom.ch\/en\/wp-json\/wp\/v2\/product_brand?post=477443"},{"taxonomy":"product_cat","embeddable":true,"href":"https:\/\/shop.kustom.ch\/en\/wp-json\/wp\/v2\/product_cat?post=477443"},{"taxonomy":"product_tag","embeddable":true,"href":"https:\/\/shop.kustom.ch\/en\/wp-json\/wp\/v2\/product_tag?post=477443"}],"curies":[{"name":"wp","href":"https:\/\/api.w.org\/{rel}","templated":true}]}}