{"id":476897,"date":"2024-11-25T08:30:00","date_gmt":"2024-11-25T07:30:00","guid":{"rendered":"https:\/\/shop.kustom.ch\/?post_type=product&#038;p=476897"},"modified":"2026-03-27T14:55:24","modified_gmt":"2026-03-27T13:55:24","slug":"adv-nordic-ski-club-jersey-w","status":"publish","type":"product","link":"https:\/\/shop.kustom.ch\/en\/product\/adv-nordic-ski-club-jersey-w\/","title":{"rendered":"ADV Nordic Ski Club Jersey W"},"content":{"rendered":"<p>Training and racing XC jersey made of polyester jersey with maximum stretch and thermoregulation.<\/p>\n<p>- Jersey made from recycled polyester and elastane<br \/>\n- Highly elasticated polyester and elastane fabric for a perfect fit<br \/>\n- Sublimated design<br \/>\n- Front zip for additional heat regulation<\/p>\n<p>Material: 92% recycled polyester, 8% elastane<\/p>","protected":false},"excerpt":{"rendered":"<p>Trainings- und Renn-XC Trikot aus Polyester Jersey mit h\u00f6chsten Stretch und Thermoregulation. \u2022 Jersey aus recyceltem Polyester und Elasthan \u2022 Hochelastisches Polyester und Elasthan Gewebe f\u00fcr perfekte Passform \u2022 Sublimiertes Design \u2022 Reissverschluss vorne f\u00fcr zus\u00e4tzliche W\u00e4rmeregulierung Material: 92% Recycling Polyester, 8% Elasthan<\/p>","protected":false},"featured_media":476899,"template":"","meta":[],"product_brand":[],"product_cat":[4201],"product_tag":[],"class_list":{"0":"post-476897","1":"product","2":"type-product","3":"status-publish","4":"has-post-thumbnail","6":"product_cat-t-shirts","7":"pa_brand-craft-retail-sportswear","8":"pa_brand-type-sportswear","9":"pa_filter-color-blau","10":"pa_filter-color-rot","11":"pa_filter-color-schwarz","13":"first","14":"instock","15":"sale","16":"taxable","17":"shipping-taxable","18":"purchasable","19":"product-type-variable","20":"add-to-wishlist-before_image"},"exclude_global_add_ons":[],"addons":[],"acf":[],"_links":{"self":[{"href":"https:\/\/shop.kustom.ch\/en\/wp-json\/wp\/v2\/product\/476897"}],"collection":[{"href":"https:\/\/shop.kustom.ch\/en\/wp-json\/wp\/v2\/product"}],"about":[{"href":"https:\/\/shop.kustom.ch\/en\/wp-json\/wp\/v2\/types\/product"}],"wp:featuredmedia":[{"embeddable":true,"href":"https:\/\/shop.kustom.ch\/en\/wp-json\/wp\/v2\/media\/476899"}],"wp:attachment":[{"href":"https:\/\/shop.kustom.ch\/en\/wp-json\/wp\/v2\/media?parent=476897"}],"wp:term":[{"taxonomy":"product_brand","embeddable":true,"href":"https:\/\/shop.kustom.ch\/en\/wp-json\/wp\/v2\/product_brand?post=476897"},{"taxonomy":"product_cat","embeddable":true,"href":"https:\/\/shop.kustom.ch\/en\/wp-json\/wp\/v2\/product_cat?post=476897"},{"taxonomy":"product_tag","embeddable":true,"href":"https:\/\/shop.kustom.ch\/en\/wp-json\/wp\/v2\/product_tag?post=476897"}],"curies":[{"name":"wp","href":"https:\/\/api.w.org\/{rel}","templated":true}]}}