{"id":247019,"date":"2024-04-06T08:45:06","date_gmt":"2024-04-06T07:45:06","guid":{"rendered":"https:\/\/kustomshop.kinsta.cloud\/?post_type=product&#038;p=247019"},"modified":"2026-03-27T14:24:55","modified_gmt":"2026-03-27T13:24:55","slug":"core-soul-sweatpants-m","status":"publish","type":"product","link":"https:\/\/shop.kustom.ch\/en\/product\/core-soul-sweatpants-m\/","title":{"rendered":"CORE Soul Sweatpants M"},"content":{"rendered":"<p>Casual jogging trousers made from a soft and comfortable blend of cotton and polyester for everyday activities. Two zipped side pockets and a rubber logo on the left side.<br \/>\n- Comfortable fit<br \/>\n- Two zipped side pockets<br \/>\n- Rubber Craft logo on the left side<\/p>\n<p>Material: 48% cotton 47% polyester 5%Elasthane<\/p>","protected":false},"excerpt":{"rendered":"<p>L\u00e4ssige Jogginghose aus einer weichen und bequemen Mischung aus Baumwolle und Polyester f\u00fcr allt\u00e4gliche Aktivit\u00e4ten. Zwei Seitentaschen mit Reissverschluss und ein Gummilogo auf der linken Seite. \u2022 Bequeme Passform \u2022 Zwei Reissverschluss-Seitentaschen \u2022 Gummi Craft-Logo auf der linken Seite Material: 48% Baumwolle 47% Polyester 5%Elasthan<\/p>","protected":false},"featured_media":247031,"template":"","meta":[],"product_brand":[],"product_cat":[4185],"product_tag":[],"class_list":{"0":"post-247019","1":"product","2":"type-product","3":"status-publish","4":"has-post-thumbnail","6":"product_cat-hosen","7":"pa_brand-craft-retail-sportswear","8":"pa_brand-type-sportswear","9":"pa_filter-color-blau","10":"pa_filter-color-grau","11":"pa_filter-color-schwarz","13":"first","14":"instock","15":"sale","16":"taxable","17":"shipping-taxable","18":"purchasable","19":"product-type-variable","20":"add-to-wishlist-before_image"},"exclude_global_add_ons":[],"addons":[],"acf":[],"_links":{"self":[{"href":"https:\/\/shop.kustom.ch\/en\/wp-json\/wp\/v2\/product\/247019"}],"collection":[{"href":"https:\/\/shop.kustom.ch\/en\/wp-json\/wp\/v2\/product"}],"about":[{"href":"https:\/\/shop.kustom.ch\/en\/wp-json\/wp\/v2\/types\/product"}],"wp:featuredmedia":[{"embeddable":true,"href":"https:\/\/shop.kustom.ch\/en\/wp-json\/wp\/v2\/media\/247031"}],"wp:attachment":[{"href":"https:\/\/shop.kustom.ch\/en\/wp-json\/wp\/v2\/media?parent=247019"}],"wp:term":[{"taxonomy":"product_brand","embeddable":true,"href":"https:\/\/shop.kustom.ch\/en\/wp-json\/wp\/v2\/product_brand?post=247019"},{"taxonomy":"product_cat","embeddable":true,"href":"https:\/\/shop.kustom.ch\/en\/wp-json\/wp\/v2\/product_cat?post=247019"},{"taxonomy":"product_tag","embeddable":true,"href":"https:\/\/shop.kustom.ch\/en\/wp-json\/wp\/v2\/product_tag?post=247019"}],"curies":[{"name":"wp","href":"https:\/\/api.w.org\/{rel}","templated":true}]}}