{"id":246836,"date":"2024-04-06T08:34:44","date_gmt":"2024-04-06T07:34:44","guid":{"rendered":"https:\/\/kustomshop.kinsta.cloud\/?post_type=product&#038;p=246836"},"modified":"2026-03-27T15:14:51","modified_gmt":"2026-03-27T14:14:51","slug":"core-soul-full-zip-jacket-m","status":"publish","type":"product","link":"https:\/\/shop.kustom.ch\/en\/product\/core-soul-full-zip-jacket-m\/","title":{"rendered":"CORE Soul Full Zip Jacket M"},"content":{"rendered":"<p>Casual jacket with full-length zip at the front. Pleasantly soft material for maximum comfort. Two front pockets with zip.<\/p>\n<p>- Pleasantly soft material for maximum comfort<br \/>\n- Full-length zip at the front<br \/>\n- Two front pockets with zip<br \/>\n- Ribbed cuffs and waistband<br \/>\n- Craft logo on the front right<br \/>\n- Six-Dots logo on the back<\/p>\n<p>Material: 48% cotton 47% polyester 5%Elasthane<\/p>","protected":false},"excerpt":{"rendered":"<p>L\u00e4ssige Jacke mit durchgehendem Reissverschluss vorne. Angenehm weiches Material f\u00fcr h\u00f6chsten Tragekomfort. Zwei Taschen vorne mit Reissverschluss. \u2022 Angenehm weiches Material f\u00fcr h\u00f6chsten Komfort \u2022 Durchgehender Reissverschluss vorne \u2022 Zwei Taschen vorne mit Reissverschluss \u2022 Rippenbund an \u00c4rmel- und Bundabschluss \u2022 Craft-Logo vorne rechts \u2022 Six-Dots Logo auf der R\u00fcckseite Material: 48% Baumwolle 47% Polyester [&hellip;]<\/p>\n","protected":false},"featured_media":246867,"template":"","meta":[],"product_brand":[],"product_cat":[4191],"product_tag":[],"class_list":{"0":"post-246836","1":"product","2":"type-product","3":"status-publish","4":"has-post-thumbnail","6":"product_cat-longsleeves-sweatshirts","7":"pa_brand-craft-retail-sportswear","8":"pa_brand-type-sportswear","9":"pa_filter-color-blau","10":"pa_filter-color-grau","11":"pa_filter-color-gruen","12":"pa_filter-color-orange","13":"pa_filter-color-rot","14":"pa_filter-color-schwarz","16":"first","17":"instock","18":"sale","19":"taxable","20":"shipping-taxable","21":"purchasable","22":"product-type-variable","23":"add-to-wishlist-before_image"},"exclude_global_add_ons":[],"addons":[],"acf":[],"_links":{"self":[{"href":"https:\/\/shop.kustom.ch\/en\/wp-json\/wp\/v2\/product\/246836"}],"collection":[{"href":"https:\/\/shop.kustom.ch\/en\/wp-json\/wp\/v2\/product"}],"about":[{"href":"https:\/\/shop.kustom.ch\/en\/wp-json\/wp\/v2\/types\/product"}],"wp:featuredmedia":[{"embeddable":true,"href":"https:\/\/shop.kustom.ch\/en\/wp-json\/wp\/v2\/media\/246867"}],"wp:attachment":[{"href":"https:\/\/shop.kustom.ch\/en\/wp-json\/wp\/v2\/media?parent=246836"}],"wp:term":[{"taxonomy":"product_brand","embeddable":true,"href":"https:\/\/shop.kustom.ch\/en\/wp-json\/wp\/v2\/product_brand?post=246836"},{"taxonomy":"product_cat","embeddable":true,"href":"https:\/\/shop.kustom.ch\/en\/wp-json\/wp\/v2\/product_cat?post=246836"},{"taxonomy":"product_tag","embeddable":true,"href":"https:\/\/shop.kustom.ch\/en\/wp-json\/wp\/v2\/product_tag?post=246836"}],"curies":[{"name":"wp","href":"https:\/\/api.w.org\/{rel}","templated":true}]}}