{"id":246581,"date":"2024-04-06T08:25:44","date_gmt":"2024-04-06T07:25:44","guid":{"rendered":"https:\/\/kustomshop.kinsta.cloud\/?post_type=product&#038;p=246581"},"modified":"2026-03-27T14:20:04","modified_gmt":"2026-03-27T13:20:04","slug":"pro-aero-bib-shorts-m","status":"publish","type":"product","link":"https:\/\/shop.kustom.ch\/en\/product\/pro-aero-bib-shorts-m\/","title":{"rendered":"Pro Aero Bib Shorts M"},"content":{"rendered":"<p>Aerodynamic bib shorts for professionals with excellent body control properties, outstanding moisture transport and C1 pad. Made of Lycra\u00ae Sport Energy material with elasticity in four directions, inserts with special climate zones for optimum air flow and minimal air resistance.<br \/>\n- Lycra\u00ae Sport Energy material with excellent body control properties and elasticity in four directions to reduce muscle vibration and concentrate power for increased comfort and excellent control<br \/>\n- Few seams for optimum air flow<br \/>\n- Silicone at the leg ends for a non-slip grip<br \/>\n- Extra-long legs with cropped hems<br \/>\n- Perforated support system for maximum breathability<br \/>\n- C1 Pad Men<\/p>\n<p>Material: Body: 75% Polyamide, 25% Elastane, Side panels: 70% Polyamide, 30% Elastane, Shoulder straps: 95% Polyester, 5% Elastane<\/p>","protected":false},"excerpt":{"rendered":"<p>Aerodynamische Tr\u00e4ger-Shorts f\u00fcr Profis mit ausgezeichneten Body-Control-Eigenschaften, hervorragendem Feuchtigkeitstransport und C1\u00a0Pad. Aus Lycra\u00ae Sport Energy Material mit Elastizit\u00e4t in vier Richtungen, Eins\u00e4tze mit speziellen Klimazonen f\u00fcr optimalen Luftdurchlass und minimalen Luftwiderstand. \u2022 Lycra\u00ae Sport Energy Material mit hervorragenden Body-Control-Eigenschaften und Elastizit\u00e4t in vier Richtungen zur Reduzierung der Muskelvibration und Konzentration der Kraft f\u00fcr erh\u00f6hten Komfort [&hellip;]<\/p>\n","protected":false},"featured_media":246606,"template":"","meta":[],"product_brand":[],"product_cat":[4198],"product_tag":[],"class_list":{"0":"post-246581","1":"product","2":"type-product","3":"status-publish","4":"has-post-thumbnail","6":"product_cat-shorts","7":"pa_brand-craft-retail-sportswear","8":"pa_brand-type-sportswear","9":"pa_filter-color-schwarz","11":"first","12":"outofstock","13":"sale","14":"taxable","15":"shipping-taxable","16":"purchasable","17":"product-type-variable","18":"add-to-wishlist-before_image"},"exclude_global_add_ons":[],"addons":[],"acf":[],"_links":{"self":[{"href":"https:\/\/shop.kustom.ch\/en\/wp-json\/wp\/v2\/product\/246581"}],"collection":[{"href":"https:\/\/shop.kustom.ch\/en\/wp-json\/wp\/v2\/product"}],"about":[{"href":"https:\/\/shop.kustom.ch\/en\/wp-json\/wp\/v2\/types\/product"}],"wp:featuredmedia":[{"embeddable":true,"href":"https:\/\/shop.kustom.ch\/en\/wp-json\/wp\/v2\/media\/246606"}],"wp:attachment":[{"href":"https:\/\/shop.kustom.ch\/en\/wp-json\/wp\/v2\/media?parent=246581"}],"wp:term":[{"taxonomy":"product_brand","embeddable":true,"href":"https:\/\/shop.kustom.ch\/en\/wp-json\/wp\/v2\/product_brand?post=246581"},{"taxonomy":"product_cat","embeddable":true,"href":"https:\/\/shop.kustom.ch\/en\/wp-json\/wp\/v2\/product_cat?post=246581"},{"taxonomy":"product_tag","embeddable":true,"href":"https:\/\/shop.kustom.ch\/en\/wp-json\/wp\/v2\/product_tag?post=246581"}],"curies":[{"name":"wp","href":"https:\/\/api.w.org\/{rel}","templated":true}]}}