{"id":246521,"date":"2024-04-06T08:24:01","date_gmt":"2024-04-06T07:24:01","guid":{"rendered":"https:\/\/kustomshop.kinsta.cloud\/?post_type=product&#038;p=246521"},"modified":"2026-03-27T14:42:13","modified_gmt":"2026-03-27T13:42:13","slug":"adv-endur-graphic-jersey-m","status":"publish","type":"product","link":"https:\/\/shop.kustom.ch\/en\/product\/adv-endur-graphic-jersey-m\/","title":{"rendered":"Adv Endur Graphic Jersey M"},"content":{"rendered":"<p>Advanced cycling jersey made of soft stretch material for excellent moisture transport during intensive cycling. Mesh inserts with special climate zones for increased ventilation and four rear pockets.<\/p>\n<p>Material: Front body: 92% Polyester - recycled, 8% Elastane, Sleeves: 92% Polyester - recycled, 8% Elastane, Lower back body: 92% Polyester - recycled, 8% Elastane, Upper back body 100% Polyester<\/p>","protected":false},"excerpt":{"rendered":"<p>Jersey zum Radfahren f\u00fcr Fortgeschrittene aus weichem Stretchmaterial f\u00fcr einen hervorragenden Feuchtigkeitstransport bei intensivem Radfahren. Mesh-Eins\u00e4tze mit speziellen Klimazonen f\u00fcr erh\u00f6hte Ventilation, und vier Taschen hinten. Material: Front body: 92% Polyester &#8211; recycled, 8% Elastane, Sleeves: 92% Polyester &#8211; recycled, 8% Elastane, Lower back body: 92% Polyester &#8211; recycled, 8% Elastane, Upper back body 100% [&hellip;]<\/p>\n","protected":false},"featured_media":246570,"template":"","meta":[],"product_brand":[],"product_cat":[4201],"product_tag":[],"class_list":{"0":"post-246521","1":"product","2":"type-product","3":"status-publish","4":"has-post-thumbnail","6":"product_cat-t-shirts","7":"pa_brand-craft-retail-sportswear","8":"pa_brand-type-sportswear","9":"pa_filter-color-blau","10":"pa_filter-color-orange","12":"first","13":"instock","14":"sale","15":"taxable","16":"shipping-taxable","17":"purchasable","18":"product-type-variable","19":"add-to-wishlist-before_image"},"exclude_global_add_ons":[],"addons":[],"acf":[],"_links":{"self":[{"href":"https:\/\/shop.kustom.ch\/en\/wp-json\/wp\/v2\/product\/246521"}],"collection":[{"href":"https:\/\/shop.kustom.ch\/en\/wp-json\/wp\/v2\/product"}],"about":[{"href":"https:\/\/shop.kustom.ch\/en\/wp-json\/wp\/v2\/types\/product"}],"wp:featuredmedia":[{"embeddable":true,"href":"https:\/\/shop.kustom.ch\/en\/wp-json\/wp\/v2\/media\/246570"}],"wp:attachment":[{"href":"https:\/\/shop.kustom.ch\/en\/wp-json\/wp\/v2\/media?parent=246521"}],"wp:term":[{"taxonomy":"product_brand","embeddable":true,"href":"https:\/\/shop.kustom.ch\/en\/wp-json\/wp\/v2\/product_brand?post=246521"},{"taxonomy":"product_cat","embeddable":true,"href":"https:\/\/shop.kustom.ch\/en\/wp-json\/wp\/v2\/product_cat?post=246521"},{"taxonomy":"product_tag","embeddable":true,"href":"https:\/\/shop.kustom.ch\/en\/wp-json\/wp\/v2\/product_tag?post=246521"}],"curies":[{"name":"wp","href":"https:\/\/api.w.org\/{rel}","templated":true}]}}