{"id":246267,"date":"2024-04-06T07:30:09","date_gmt":"2024-04-06T06:30:09","guid":{"rendered":"https:\/\/kustomshop.kinsta.cloud\/?post_type=product&#038;p=246267"},"modified":"2026-03-27T15:03:20","modified_gmt":"2026-03-27T14:03:20","slug":"pro-hypervent-ss-tee-w","status":"publish","type":"product","link":"https:\/\/shop.kustom.ch\/en\/product\/pro-hypervent-ss-tee-w\/","title":{"rendered":"PRO Hypervent SS Tee W"},"content":{"rendered":"<p>Lightweight running shirt for professionals with excellent ventilation and cooling for optimal performance in hot weather. Mesh inserts for increased breathability and taped seams to prevent friction.<\/p>\n<p>Material: 90% polyester 10% elastane<\/p>","protected":false},"excerpt":{"rendered":"<p>Leichtes Laufshirt f\u00fcr Profis mit hervorragender Ventilation und K\u00fchlung f\u00fcr optimale Leistung bei heissem Wetter. Mesh-Eins\u00e4tze f\u00fcr erh\u00f6hte Atmungsaktivit\u00e4t und getapte N\u00e4hte zur Vermeidung von Reibung. Material: 90% polyester 10% elastane<\/p>","protected":false},"featured_media":246305,"template":"","meta":[],"product_brand":[],"product_cat":[4201],"product_tag":[],"class_list":{"0":"post-246267","1":"product","2":"type-product","3":"status-publish","4":"has-post-thumbnail","6":"product_cat-t-shirts","7":"pa_brand-craft-retail-sportswear","8":"pa_brand-type-sportswear","9":"pa_filter-color-blau","10":"pa_filter-color-pink","11":"pa_filter-color-weiss","13":"first","14":"instock","15":"sale","16":"taxable","17":"shipping-taxable","18":"purchasable","19":"product-type-variable","20":"add-to-wishlist-before_image"},"exclude_global_add_ons":[],"addons":[],"acf":[],"_links":{"self":[{"href":"https:\/\/shop.kustom.ch\/en\/wp-json\/wp\/v2\/product\/246267"}],"collection":[{"href":"https:\/\/shop.kustom.ch\/en\/wp-json\/wp\/v2\/product"}],"about":[{"href":"https:\/\/shop.kustom.ch\/en\/wp-json\/wp\/v2\/types\/product"}],"wp:featuredmedia":[{"embeddable":true,"href":"https:\/\/shop.kustom.ch\/en\/wp-json\/wp\/v2\/media\/246305"}],"wp:attachment":[{"href":"https:\/\/shop.kustom.ch\/en\/wp-json\/wp\/v2\/media?parent=246267"}],"wp:term":[{"taxonomy":"product_brand","embeddable":true,"href":"https:\/\/shop.kustom.ch\/en\/wp-json\/wp\/v2\/product_brand?post=246267"},{"taxonomy":"product_cat","embeddable":true,"href":"https:\/\/shop.kustom.ch\/en\/wp-json\/wp\/v2\/product_cat?post=246267"},{"taxonomy":"product_tag","embeddable":true,"href":"https:\/\/shop.kustom.ch\/en\/wp-json\/wp\/v2\/product_tag?post=246267"}],"curies":[{"name":"wp","href":"https:\/\/api.w.org\/{rel}","templated":true}]}}