{"id":208793,"date":"2024-03-27T11:29:43","date_gmt":"2024-03-27T10:29:43","guid":{"rendered":"https:\/\/kustomshop.kinsta.cloud\/?post_type=product&#038;p=208793"},"modified":"2024-03-27T11:30:06","modified_gmt":"2024-03-27T10:30:06","slug":"net-pro-control-impact-short-shorts-m","status":"publish","type":"product","link":"https:\/\/shop.kustom.ch\/en\/product\/net-pro-control-impact-short-shorts-m\/","title":{"rendered":"NET Pro Control Impact Short Shorts M"},"content":{"rendered":"<p>The Pro Control Impact Shorts are made from a woven, stretchy and highly functional fabric that offers freedom of movement and efficient body temperature management for optimal performance. These premium shorts have inner briefs, side slits, pockets, an elasticated waistband and space for branding with club, sponsor or company logos.<\/p>\n<p>- Very elastic material<br \/>\n- Shorts with slit and pockets<br \/>\n- Waistband with elasticated band<br \/>\n- Plenty of space for branding with club, sponsor and company logos<br \/>\n- Recycled polyester for a better ecological footprint<\/p>\n<p>Body: 90% Polyester 10% Elastane Lining: 84% Polyester 16% Elastane<\/p>\n<p>MachineWash40;DoNotBleach;DoNotTumble;IroningLowTemp;DoNotDryClean<\/p>","protected":false},"excerpt":{"rendered":"<p>Die Pro Control Impact Shorts besteht aus einem gewebten, elastischen und hochfunktionellen Material, das Bewegungsfreiheit und effizientes K\u00f6rpertemperaturmanagement f\u00fcr optimale Leistung bietet. Diese Premium-Shorts haben verf\u00fcgen \u00fcber Innenslips, Seitenschlitze, Taschen, einen elastischen Bund und Platz f\u00fcr das Branding mit Club-, Sponsor-, oder Firmenlogos. \u2022 Sehr elastisches Material \u2022 Shorts mit Schlitz und Taschen \u2022 Bund [&hellip;]<\/p>\n","protected":false},"featured_media":135898,"template":"","meta":[],"product_brand":[],"product_cat":[6468],"product_tag":[],"class_list":{"0":"post-208793","1":"product","2":"type-product","3":"status-publish","4":"has-post-thumbnail","6":"product_cat-net-tennis-academy","8":"first","9":"instock","10":"taxable","11":"shipping-taxable","12":"purchasable","13":"product-type-variable","14":"add-to-wishlist-before_image"},"exclude_global_add_ons":[],"addons":[],"acf":[],"_links":{"self":[{"href":"https:\/\/shop.kustom.ch\/en\/wp-json\/wp\/v2\/product\/208793"}],"collection":[{"href":"https:\/\/shop.kustom.ch\/en\/wp-json\/wp\/v2\/product"}],"about":[{"href":"https:\/\/shop.kustom.ch\/en\/wp-json\/wp\/v2\/types\/product"}],"wp:featuredmedia":[{"embeddable":true,"href":"https:\/\/shop.kustom.ch\/en\/wp-json\/wp\/v2\/media\/135898"}],"wp:attachment":[{"href":"https:\/\/shop.kustom.ch\/en\/wp-json\/wp\/v2\/media?parent=208793"}],"wp:term":[{"taxonomy":"product_brand","embeddable":true,"href":"https:\/\/shop.kustom.ch\/en\/wp-json\/wp\/v2\/product_brand?post=208793"},{"taxonomy":"product_cat","embeddable":true,"href":"https:\/\/shop.kustom.ch\/en\/wp-json\/wp\/v2\/product_cat?post=208793"},{"taxonomy":"product_tag","embeddable":true,"href":"https:\/\/shop.kustom.ch\/en\/wp-json\/wp\/v2\/product_tag?post=208793"}],"curies":[{"name":"wp","href":"https:\/\/api.w.org\/{rel}","templated":true}]}}