{"id":208723,"date":"2024-03-27T11:28:28","date_gmt":"2024-03-27T10:28:28","guid":{"rendered":"https:\/\/kustomshop.kinsta.cloud\/?post_type=product&#038;p=208723"},"modified":"2024-03-27T11:28:50","modified_gmt":"2024-03-27T10:28:50","slug":"net-isolate-jacket-men","status":"publish","type":"product","link":"https:\/\/shop.kustom.ch\/en\/product\/net-isolate-jacket-men\/","title":{"rendered":"NET Isolate Jacket Men"},"content":{"rendered":"<p>Padded, wind and water-repellent jacket for warm-up and formal occasions. With detachable hood, chest pocket with zip and adjustable hem. Microfibre padding with good thermal properties.<\/p>\n<p>100 % Polyester<\/p>\n<p>MachineWash40;DoNotBleach;DoNotTumble;IroningLowTemp;DoNotDryClean<\/p>","protected":false},"excerpt":{"rendered":"<p>Gepolsterte, wind- und wasserabweisende Jacke f\u00fcr Aufw\u00e4rm- und formelle Anl\u00e4sse. Mit abnehmbarer Kapuze, Brusttasche mit Reissverschluss und verstellbarem Saum. Polsterung aus Mikrofaser mit guten thermischen Eigenschaften. 100 % Polyester MachineWash40;DoNotBleach;DoNotTumble;IroningLowTemp;DoNotDryClean<\/p>","protected":false},"featured_media":135903,"template":"","meta":[],"product_brand":[],"product_cat":[6468],"product_tag":[],"class_list":{"0":"post-208723","1":"product","2":"type-product","3":"status-publish","4":"has-post-thumbnail","6":"product_cat-net-tennis-academy","8":"first","9":"instock","10":"taxable","11":"shipping-taxable","12":"purchasable","13":"product-type-variable","14":"add-to-wishlist-before_image"},"exclude_global_add_ons":[],"addons":[],"acf":[],"_links":{"self":[{"href":"https:\/\/shop.kustom.ch\/en\/wp-json\/wp\/v2\/product\/208723"}],"collection":[{"href":"https:\/\/shop.kustom.ch\/en\/wp-json\/wp\/v2\/product"}],"about":[{"href":"https:\/\/shop.kustom.ch\/en\/wp-json\/wp\/v2\/types\/product"}],"wp:featuredmedia":[{"embeddable":true,"href":"https:\/\/shop.kustom.ch\/en\/wp-json\/wp\/v2\/media\/135903"}],"wp:attachment":[{"href":"https:\/\/shop.kustom.ch\/en\/wp-json\/wp\/v2\/media?parent=208723"}],"wp:term":[{"taxonomy":"product_brand","embeddable":true,"href":"https:\/\/shop.kustom.ch\/en\/wp-json\/wp\/v2\/product_brand?post=208723"},{"taxonomy":"product_cat","embeddable":true,"href":"https:\/\/shop.kustom.ch\/en\/wp-json\/wp\/v2\/product_cat?post=208723"},{"taxonomy":"product_tag","embeddable":true,"href":"https:\/\/shop.kustom.ch\/en\/wp-json\/wp\/v2\/product_tag?post=208723"}],"curies":[{"name":"wp","href":"https:\/\/api.w.org\/{rel}","templated":true}]}}