{"id":208681,"date":"2024-03-27T11:27:38","date_gmt":"2024-03-27T10:27:38","guid":{"rendered":"https:\/\/kustomshop.kinsta.cloud\/?post_type=product&#038;p=208681"},"modified":"2024-03-27T11:28:25","modified_gmt":"2024-03-27T10:28:25","slug":"net-squad-jersey-solid-women","status":"publish","type":"product","link":"https:\/\/shop.kustom.ch\/en\/product\/net-squad-jersey-solid-women\/","title":{"rendered":"NET Squad Jersey Solid Women"},"content":{"rendered":"<p>The solid jersey for every match. The loose cut and quick-drying material make your body feel comfortable during any exertion. Versatility is absolutely at the forefront here. The Squad Solid Jersey from Craft is available in 11 different colours.<\/p>\n<p>100 % Polyester<\/p>\n<p>MachineWash40;DoNotBleach;DoNotTumble;IroningLowTemp;DoNotDryClean<\/p>","protected":false},"excerpt":{"rendered":"<p>Das solide Trikot f\u00fcr jedes Match. Der lockere Schnitt und das schnelltrocknende Material verleihen deinem K\u00f6rper ein angenehmes Tragegef\u00fchl bei jeder Anstrengung. Vielseitigkeit steht hier absolut im Vordergrund. Denn das Squad Solid Jersey von Craft ist in 11 verschiedenen Farben erh\u00e4ltlich. 100 % Polyester MachineWash40;DoNotBleach;DoNotTumble;IroningLowTemp;DoNotDryClean<\/p>","protected":false},"featured_media":135804,"template":"","meta":[],"product_brand":[],"product_cat":[6468],"product_tag":[],"class_list":{"0":"post-208681","1":"product","2":"type-product","3":"status-publish","4":"has-post-thumbnail","6":"product_cat-net-tennis-academy","8":"first","9":"instock","10":"taxable","11":"shipping-taxable","12":"purchasable","13":"product-type-variable","14":"add-to-wishlist-before_image"},"exclude_global_add_ons":[],"addons":[],"acf":[],"_links":{"self":[{"href":"https:\/\/shop.kustom.ch\/en\/wp-json\/wp\/v2\/product\/208681"}],"collection":[{"href":"https:\/\/shop.kustom.ch\/en\/wp-json\/wp\/v2\/product"}],"about":[{"href":"https:\/\/shop.kustom.ch\/en\/wp-json\/wp\/v2\/types\/product"}],"wp:featuredmedia":[{"embeddable":true,"href":"https:\/\/shop.kustom.ch\/en\/wp-json\/wp\/v2\/media\/135804"}],"wp:attachment":[{"href":"https:\/\/shop.kustom.ch\/en\/wp-json\/wp\/v2\/media?parent=208681"}],"wp:term":[{"taxonomy":"product_brand","embeddable":true,"href":"https:\/\/shop.kustom.ch\/en\/wp-json\/wp\/v2\/product_brand?post=208681"},{"taxonomy":"product_cat","embeddable":true,"href":"https:\/\/shop.kustom.ch\/en\/wp-json\/wp\/v2\/product_cat?post=208681"},{"taxonomy":"product_tag","embeddable":true,"href":"https:\/\/shop.kustom.ch\/en\/wp-json\/wp\/v2\/product_tag?post=208681"}],"curies":[{"name":"wp","href":"https:\/\/api.w.org\/{rel}","templated":true}]}}