{"id":160214,"date":"2024-03-23T10:19:10","date_gmt":"2024-03-23T09:19:10","guid":{"rendered":"https:\/\/kustomshop.kinsta.cloud\/produkt\/performance-t-shirt\/"},"modified":"2026-03-31T12:53:28","modified_gmt":"2026-03-31T11:53:28","slug":"performance-t-shirt","status":"publish","type":"product","link":"https:\/\/shop.kustom.ch\/en\/product\/performance-t-shirt\/","title":{"rendered":"Performance T-shirt"},"content":{"rendered":"<p>Our functional all-rounder is suitable for any activity.<br \/>\nTailored ladies' cut<br \/>\nVery comfortable, lightweight, quick-drying and moisture-regulating material<br \/>\nFlat seams for low friction and maximum comfort<br \/>\nMesh inserts on the side and collarbone<br \/>\nMaterial: 100% polyester<br \/>\nInserts: 100% polyester<\/p>","protected":false},"excerpt":{"rendered":"<p>Unser funktioneller Allrounder ist f\u00fcr jede Aktivit\u00e4t geeignet. Taillierter Damenschnitt Sehr angenehmes, leichtes, schnelltrocknendes und feuchtigkeitsregulierendes Material Flachn\u00e4hte f\u00fcr geringe Reibung und h\u00f6chsten Tragekomfort Mesheins\u00e4tze an der Seite und am Schl\u00fcsselbein Material: 100% Polyester Eins\u00e4tze: 100% Polyester<\/p>","protected":false},"featured_media":160213,"template":"","meta":[],"product_brand":[],"product_cat":[4201],"product_tag":[],"class_list":{"0":"post-160214","1":"product","2":"type-product","3":"status-publish","4":"has-post-thumbnail","6":"product_cat-t-shirts","7":"pa_brand-erima","8":"pa_brand-type-sportswear","9":"pa_filter-color-blau","10":"pa_filter-color-gelb","11":"pa_filter-color-gruen","12":"pa_filter-color-pink","13":"pa_filter-color-rot","14":"pa_filter-color-schwarz","15":"pa_filter-color-weiss","17":"first","18":"instock","19":"sale","20":"taxable","21":"shipping-taxable","22":"purchasable","23":"product-type-variable","24":"add-to-wishlist-before_image"},"exclude_global_add_ons":[],"addons":[],"acf":[],"_links":{"self":[{"href":"https:\/\/shop.kustom.ch\/en\/wp-json\/wp\/v2\/product\/160214"}],"collection":[{"href":"https:\/\/shop.kustom.ch\/en\/wp-json\/wp\/v2\/product"}],"about":[{"href":"https:\/\/shop.kustom.ch\/en\/wp-json\/wp\/v2\/types\/product"}],"wp:featuredmedia":[{"embeddable":true,"href":"https:\/\/shop.kustom.ch\/en\/wp-json\/wp\/v2\/media\/160213"}],"wp:attachment":[{"href":"https:\/\/shop.kustom.ch\/en\/wp-json\/wp\/v2\/media?parent=160214"}],"wp:term":[{"taxonomy":"product_brand","embeddable":true,"href":"https:\/\/shop.kustom.ch\/en\/wp-json\/wp\/v2\/product_brand?post=160214"},{"taxonomy":"product_cat","embeddable":true,"href":"https:\/\/shop.kustom.ch\/en\/wp-json\/wp\/v2\/product_cat?post=160214"},{"taxonomy":"product_tag","embeddable":true,"href":"https:\/\/shop.kustom.ch\/en\/wp-json\/wp\/v2\/product_tag?post=160214"}],"curies":[{"name":"wp","href":"https:\/\/api.w.org\/{rel}","templated":true}]}}