{"id":158341,"date":"2024-03-23T09:48:47","date_gmt":"2024-03-23T08:48:47","guid":{"rendered":"https:\/\/kustomshop.kinsta.cloud\/produkt\/madrid-stutzenstrumpf\/"},"modified":"2026-03-31T12:45:27","modified_gmt":"2026-03-31T11:45:27","slug":"madrid-stutzenstrumpf","status":"publish","type":"product","link":"https:\/\/shop.kustom.ch\/en\/product\/madrid-stutzenstrumpf\/","title":{"rendered":"Madrid sock"},"content":{"rendered":"<p>Highly functional comfort in a simple design.<br \/>\nElastic, skin-friendly functional material; Left-right system; Reinforced insert on the ankle; Plush zone on the sole<br \/>\n68% polyester, 16% cotton, 8% polyamide, 8% elastane<\/p>","protected":false},"excerpt":{"rendered":"<p>Hochfunktioneller Tragekomfort in schlichtem Design. Elastisches, hautfreundliches Funktionsmaterial; Links-rechts System; Verst\u00e4rkter Einsatz am Kn\u00f6chel; Pl\u00fcschzone auf der Sohle 68% Polyester, 16% Baumwolle, 8% Polyamid, 8% Elasthan<\/p>","protected":false},"featured_media":670662,"template":"","meta":[],"product_brand":[],"product_cat":[4200],"product_tag":[],"class_list":{"0":"post-158341","1":"product","2":"type-product","3":"status-publish","4":"has-post-thumbnail","6":"product_cat-stutzen","7":"pa_brand-erima","8":"pa_brand-type-sportswear","9":"pa_filter-color-blau","10":"pa_filter-color-gelb","11":"pa_filter-color-grau","12":"pa_filter-color-gruen","13":"pa_filter-color-orange","14":"pa_filter-color-pink","15":"pa_filter-color-rot","16":"pa_filter-color-schwarz","17":"pa_filter-color-weiss","19":"first","20":"instock","21":"sale","22":"taxable","23":"shipping-taxable","24":"purchasable","25":"product-type-variable","26":"add-to-wishlist-before_image"},"exclude_global_add_ons":[],"addons":[],"acf":[],"_links":{"self":[{"href":"https:\/\/shop.kustom.ch\/en\/wp-json\/wp\/v2\/product\/158341"}],"collection":[{"href":"https:\/\/shop.kustom.ch\/en\/wp-json\/wp\/v2\/product"}],"about":[{"href":"https:\/\/shop.kustom.ch\/en\/wp-json\/wp\/v2\/types\/product"}],"wp:featuredmedia":[{"embeddable":true,"href":"https:\/\/shop.kustom.ch\/en\/wp-json\/wp\/v2\/media\/670662"}],"wp:attachment":[{"href":"https:\/\/shop.kustom.ch\/en\/wp-json\/wp\/v2\/media?parent=158341"}],"wp:term":[{"taxonomy":"product_brand","embeddable":true,"href":"https:\/\/shop.kustom.ch\/en\/wp-json\/wp\/v2\/product_brand?post=158341"},{"taxonomy":"product_cat","embeddable":true,"href":"https:\/\/shop.kustom.ch\/en\/wp-json\/wp\/v2\/product_cat?post=158341"},{"taxonomy":"product_tag","embeddable":true,"href":"https:\/\/shop.kustom.ch\/en\/wp-json\/wp\/v2\/product_tag?post=158341"}],"curies":[{"name":"wp","href":"https:\/\/api.w.org\/{rel}","templated":true}]}}