{"id":141745,"date":"2024-03-22T20:33:21","date_gmt":"2024-03-22T19:33:21","guid":{"rendered":"https:\/\/kustomshop.kinsta.cloud\/produkt\/change-by-erima-praesentationshose\/"},"modified":"2026-03-31T12:32:42","modified_gmt":"2026-03-31T11:32:42","slug":"change-by-erima-praesentationshose","status":"publish","type":"product","link":"https:\/\/shop.kustom.ch\/en\/product\/change-by-erima-praesentationshose\/","title":{"rendered":"CHANGE by erima presentation trousers"},"content":{"rendered":"<p>Versatile thanks to its simple design and functional materials. Available in three different lengths.<br \/>\nLightweight, elasticated functional material for optimum temperature regulation<br \/>\nColour \"black\" also available in short and long sizes<br \/>\nSide stretch inserts for greater freedom of movement<br \/>\nWide waistband with drawstring<br \/>\nFlexible cuffs and zip at the leg ends<br \/>\nSide zip pockets<br \/>\nWithout inner lining<br \/>\nMaterial: 100% recycled polyester<\/p>","protected":false},"excerpt":{"rendered":"<p>Vielseitig einsetzbar dank schlichtem Design und funktionellen Materialien. Erh\u00e4ltlich in drei verschiedenen L\u00e4ngen. Leichtes, elastisches Funktionsmaterial f\u00fcr optimale Temperaturregulierung Farbe \u201eSchwarz\u201c auch in Kurz- und Langgr\u00f6sse erh\u00e4ltlich Seitliche Stretch-Eins\u00e4tze f\u00fcr mehr Bewegungsfreiheit Breiter Bund mit Kordelzug Flexible B\u00fcndchen und Reissverschluss am Beinabschluss Seitliche Reissverschlusstaschen Ohne Innenfutter Material: 100% recyceltes Polyester<\/p>","protected":false},"featured_media":141747,"template":"","meta":[],"product_brand":[],"product_cat":[4185],"product_tag":[],"class_list":{"0":"post-141745","1":"product","2":"type-product","3":"status-publish","4":"has-post-thumbnail","6":"product_cat-hosen","7":"pa_brand-erima","8":"pa_brand-type-sportswear","9":"pa_filter-color-blau","10":"pa_filter-color-grau","11":"pa_filter-color-schwarz","13":"first","14":"instock","15":"sale","16":"taxable","17":"shipping-taxable","18":"purchasable","19":"product-type-variable","20":"add-to-wishlist-before_image"},"exclude_global_add_ons":[],"addons":[],"acf":[],"_links":{"self":[{"href":"https:\/\/shop.kustom.ch\/en\/wp-json\/wp\/v2\/product\/141745"}],"collection":[{"href":"https:\/\/shop.kustom.ch\/en\/wp-json\/wp\/v2\/product"}],"about":[{"href":"https:\/\/shop.kustom.ch\/en\/wp-json\/wp\/v2\/types\/product"}],"wp:featuredmedia":[{"embeddable":true,"href":"https:\/\/shop.kustom.ch\/en\/wp-json\/wp\/v2\/media\/141747"}],"wp:attachment":[{"href":"https:\/\/shop.kustom.ch\/en\/wp-json\/wp\/v2\/media?parent=141745"}],"wp:term":[{"taxonomy":"product_brand","embeddable":true,"href":"https:\/\/shop.kustom.ch\/en\/wp-json\/wp\/v2\/product_brand?post=141745"},{"taxonomy":"product_cat","embeddable":true,"href":"https:\/\/shop.kustom.ch\/en\/wp-json\/wp\/v2\/product_cat?post=141745"},{"taxonomy":"product_tag","embeddable":true,"href":"https:\/\/shop.kustom.ch\/en\/wp-json\/wp\/v2\/product_tag?post=141745"}],"curies":[{"name":"wp","href":"https:\/\/api.w.org\/{rel}","templated":true}]}}