{"id":141012,"date":"2024-03-22T20:23:41","date_gmt":"2024-03-22T19:23:41","guid":{"rendered":"https:\/\/kustomshop.kinsta.cloud\/produkt\/club-1900-shorts\/"},"modified":"2026-03-31T12:32:11","modified_gmt":"2026-03-31T11:32:11","slug":"club-1900-shorts","status":"publish","type":"product","link":"https:\/\/shop.kustom.ch\/en\/product\/club-1900-shorts\/","title":{"rendered":"CLUB 1900 Shorts"},"content":{"rendered":"<p>Comfortable shorts for training and leisure.<br \/>\nVery light and quick-drying functional material<br \/>\nAntistatic equipment<br \/>\nSide slit pockets<br \/>\nSide length for size 6: 48 cm<br \/>\nWith inner briefs<br \/>\nMaterial: 100% polyester<\/p>","protected":false},"excerpt":{"rendered":"<p>Bequeme Shorts f\u00fcr Training und Freizeit. Sehr leichtes und schnelltrocknendes Funktionsmaterial Antistatische Ausr\u00fcstung Seitliche Eingrifftaschen Seitenl\u00e4nge bei Gr. 6: 48 cm Mit Innenslip Material: 100% Polyester<\/p>","protected":false},"featured_media":141014,"template":"","meta":[],"product_brand":[],"product_cat":[4198],"product_tag":[],"class_list":{"0":"post-141012","1":"product","2":"type-product","3":"status-publish","4":"has-post-thumbnail","6":"product_cat-shorts","7":"pa_brand-erima","8":"pa_brand-type-sportswear","9":"pa_filter-color-blau","10":"pa_filter-color-rot","11":"pa_filter-color-schwarz","13":"first","14":"instock","15":"sale","16":"taxable","17":"shipping-taxable","18":"purchasable","19":"product-type-variable","20":"add-to-wishlist-before_image"},"exclude_global_add_ons":[],"addons":[],"acf":[],"_links":{"self":[{"href":"https:\/\/shop.kustom.ch\/en\/wp-json\/wp\/v2\/product\/141012"}],"collection":[{"href":"https:\/\/shop.kustom.ch\/en\/wp-json\/wp\/v2\/product"}],"about":[{"href":"https:\/\/shop.kustom.ch\/en\/wp-json\/wp\/v2\/types\/product"}],"wp:featuredmedia":[{"embeddable":true,"href":"https:\/\/shop.kustom.ch\/en\/wp-json\/wp\/v2\/media\/141014"}],"wp:attachment":[{"href":"https:\/\/shop.kustom.ch\/en\/wp-json\/wp\/v2\/media?parent=141012"}],"wp:term":[{"taxonomy":"product_brand","embeddable":true,"href":"https:\/\/shop.kustom.ch\/en\/wp-json\/wp\/v2\/product_brand?post=141012"},{"taxonomy":"product_cat","embeddable":true,"href":"https:\/\/shop.kustom.ch\/en\/wp-json\/wp\/v2\/product_cat?post=141012"},{"taxonomy":"product_tag","embeddable":true,"href":"https:\/\/shop.kustom.ch\/en\/wp-json\/wp\/v2\/product_tag?post=141012"}],"curies":[{"name":"wp","href":"https:\/\/api.w.org\/{rel}","templated":true}]}}