{"id":138041,"date":"2024-03-22T19:45:13","date_gmt":"2024-03-22T18:45:13","guid":{"rendered":"https:\/\/kustomshop.kinsta.cloud\/produkt\/liga-star-polyester-trainingsjacke\/"},"modified":"2026-03-31T12:29:06","modified_gmt":"2026-03-31T11:29:06","slug":"liga-star-polyester-trainingsjacke","status":"publish","type":"product","link":"https:\/\/shop.kustom.ch\/en\/product\/liga-star-polyester-trainingsjacke\/","title":{"rendered":"LIGA STAR polyester training jacket"},"content":{"rendered":"<p>The robust polyester jacket can withstand any training session.<br \/>\nDurable functional material<br \/>\nRaglan cut and elasticated inserts for full freedom of movement<br \/>\nZip with chin guard<br \/>\nSide zip pockets<br \/>\nContrast colour piping on the sleeves<br \/>\nMaterial: 100% polyester<br \/>\nInserts: 92% polyester, 8% elastane<\/p>","protected":false},"excerpt":{"rendered":"<p>Die robuste Polyesterjacke h\u00e4lt jeder Trainingseinheit stand. Strapazierf\u00e4higes Funktionsmaterial Raglanschnitt und elastische Eins\u00e4tze f\u00fcr volle Bewegungsfreiheit Reissverschluss mit Kinnschutz Seitliche Reissverschlusstaschen Kontrastfarbenes Piping an den \u00c4rmeln Material: 100% Polyester Eins\u00e4tze: 92% Polyester, 8% Elasthan<\/p>","protected":false},"featured_media":138039,"template":"","meta":[],"product_brand":[],"product_cat":[4186],"product_tag":[],"class_list":{"0":"post-138041","1":"product","2":"type-product","3":"status-publish","4":"has-post-thumbnail","6":"product_cat-jacken","7":"pa_brand-erima","8":"pa_brand-type-sportswear","9":"pa_filter-color-blau","10":"pa_filter-color-gelb","11":"pa_filter-color-grau","12":"pa_filter-color-gruen","13":"pa_filter-color-rot","14":"pa_filter-color-schwarz","15":"pa_filter-color-weiss","17":"first","18":"instock","19":"sale","20":"taxable","21":"shipping-taxable","22":"purchasable","23":"product-type-variable","24":"has-default-attributes","25":"add-to-wishlist-before_image"},"exclude_global_add_ons":[],"addons":[],"acf":[],"_links":{"self":[{"href":"https:\/\/shop.kustom.ch\/en\/wp-json\/wp\/v2\/product\/138041"}],"collection":[{"href":"https:\/\/shop.kustom.ch\/en\/wp-json\/wp\/v2\/product"}],"about":[{"href":"https:\/\/shop.kustom.ch\/en\/wp-json\/wp\/v2\/types\/product"}],"wp:featuredmedia":[{"embeddable":true,"href":"https:\/\/shop.kustom.ch\/en\/wp-json\/wp\/v2\/media\/138039"}],"wp:attachment":[{"href":"https:\/\/shop.kustom.ch\/en\/wp-json\/wp\/v2\/media?parent=138041"}],"wp:term":[{"taxonomy":"product_brand","embeddable":true,"href":"https:\/\/shop.kustom.ch\/en\/wp-json\/wp\/v2\/product_brand?post=138041"},{"taxonomy":"product_cat","embeddable":true,"href":"https:\/\/shop.kustom.ch\/en\/wp-json\/wp\/v2\/product_cat?post=138041"},{"taxonomy":"product_tag","embeddable":true,"href":"https:\/\/shop.kustom.ch\/en\/wp-json\/wp\/v2\/product_tag?post=138041"}],"curies":[{"name":"wp","href":"https:\/\/api.w.org\/{rel}","templated":true}]}}