{"id":136652,"date":"2024-03-22T19:28:06","date_gmt":"2024-03-22T18:28:06","guid":{"rendered":"https:\/\/kustomshop.kinsta.cloud\/produkt\/change-by-erima-praesentationsjacke\/"},"modified":"2026-03-31T12:25:51","modified_gmt":"2026-03-31T11:25:51","slug":"change-by-erima-praesentationsjacke","status":"publish","type":"product","link":"https:\/\/shop.kustom.ch\/en\/product\/change-by-erima-praesentationsjacke\/","title":{"rendered":"CHANGE by erima presentation jacket"},"content":{"rendered":"<p>Simple, high-quality presentation jacket for a uniform appearance at competitions or matches.<br \/>\nLightweight, elasticated functional material<br \/>\nRibbed cuffs and hem<br \/>\nConcealed zip pockets at the side<br \/>\nSmall stand-up collar<br \/>\nWithout inner lining<br \/>\nERIMA slogan on the back<br \/>\nMaterial: 100% recycled polyester<\/p>","protected":false},"excerpt":{"rendered":"<p>Schlichte, hochwertige Pr\u00e4sentationsjacke f\u00fcr einen einheitlichen Auftritt beim Wettkampf oder Spiel. Leichtes, elastisches Funktionsmaterial Rippb\u00fcndchen an \u00c4rmeln und Saum Seitlich verdeckte Reissverschlusstaschen Kleiner Stehkragen Ohne Innenfutter ERIMA Slogan am R\u00fcckenteil Material: 100% recyceltes Polyester<\/p>","protected":false},"featured_media":136650,"template":"","meta":[],"product_brand":[],"product_cat":[4186],"product_tag":[],"class_list":{"0":"post-136652","1":"product","2":"type-product","3":"status-publish","4":"has-post-thumbnail","6":"product_cat-jacken","7":"pa_brand-erima","8":"pa_brand-type-sportswear","9":"pa_filter-color-blau","10":"pa_filter-color-grau","11":"pa_filter-color-rot","12":"pa_filter-color-schwarz","13":"pa_filter-color-weiss","15":"first","16":"instock","17":"sale","18":"taxable","19":"shipping-taxable","20":"purchasable","21":"product-type-variable","22":"add-to-wishlist-before_image"},"exclude_global_add_ons":[],"addons":[],"acf":[],"_links":{"self":[{"href":"https:\/\/shop.kustom.ch\/en\/wp-json\/wp\/v2\/product\/136652"}],"collection":[{"href":"https:\/\/shop.kustom.ch\/en\/wp-json\/wp\/v2\/product"}],"about":[{"href":"https:\/\/shop.kustom.ch\/en\/wp-json\/wp\/v2\/types\/product"}],"wp:featuredmedia":[{"embeddable":true,"href":"https:\/\/shop.kustom.ch\/en\/wp-json\/wp\/v2\/media\/136650"}],"wp:attachment":[{"href":"https:\/\/shop.kustom.ch\/en\/wp-json\/wp\/v2\/media?parent=136652"}],"wp:term":[{"taxonomy":"product_brand","embeddable":true,"href":"https:\/\/shop.kustom.ch\/en\/wp-json\/wp\/v2\/product_brand?post=136652"},{"taxonomy":"product_cat","embeddable":true,"href":"https:\/\/shop.kustom.ch\/en\/wp-json\/wp\/v2\/product_cat?post=136652"},{"taxonomy":"product_tag","embeddable":true,"href":"https:\/\/shop.kustom.ch\/en\/wp-json\/wp\/v2\/product_tag?post=136652"}],"curies":[{"name":"wp","href":"https:\/\/api.w.org\/{rel}","templated":true}]}}