{"id":115872,"date":"2024-03-21T17:16:49","date_gmt":"2024-03-21T16:16:49","guid":{"rendered":"https:\/\/kustomshop.kinsta.cloud\/produkt\/kapuzensweat-organic\/"},"modified":"2026-03-31T15:23:34","modified_gmt":"2026-03-31T14:23:34","slug":"kapuzensweat-organic","status":"publish","type":"product","link":"https:\/\/shop.kustom.ch\/en\/product\/kapuzensweat-organic\/","title":{"rendered":"Organic hooded sweatshirt"},"content":{"rendered":"<p>Cotton from controlled organic cultivation<br \/>\n60 \u00b0C washable<br \/>\nPre-treated shrinkage<br \/>\nSweat with soft brushed inside<br \/>\nHood with single jersey inside<br \/>\nWithout cords for children's sizes<br \/>\nCords with metal eyelets and metal ends<br \/>\nSweat and sleeve cuffs with ribbing<br \/>\nAttached pocket<br \/>\nReinforced shoulder seams<br \/>\nJAKO size label on the neck<br \/>\nJAKO flag label on the left side seam<br \/>\n70 % cotton (organic), 30 % polyester (recycled)<br \/>\nColour 520: 65 % cotton (organic), 30 % polyester (recycled), 5 % viscose<br \/>\n300 g\/m\u00b2<\/p>","protected":false},"excerpt":{"rendered":"<p>Baumwolle aus kontrolliert biologischem Anbau 60 \u00b0C waschbar Einlaufvorbehandelt Sweat mit weich angerauter Innenseite Kapuze mit Single-Jersey Innenseite Ohne Kordeln bei Kindergr\u00f6ssen Kordeln mit Metall\u00f6sen und Metallenden Sweat- und \u00c4rmelabschluss mit Ripp Aufgesetzte Tasche Verst\u00e4rkte Schultern\u00e4hte JAKO Gr\u00f6ssenlabel im Nacken JAKO Flaglabel an der linken Seitennaht 70 % Baumwolle (Bio), 30 % Polyester (recycelt) Fb. [&hellip;]<\/p>\n","protected":false},"featured_media":245881,"template":"","meta":[],"product_brand":[],"product_cat":[4184],"product_tag":[],"class_list":{"0":"post-115872","1":"product","2":"type-product","3":"status-publish","4":"has-post-thumbnail","6":"product_cat-hoodies-pullover","7":"pa_brand-jako","8":"pa_brand-type-workwear","9":"pa_filter-color-beige","10":"pa_filter-color-blau","11":"pa_filter-color-grau","12":"pa_filter-color-gruen","13":"pa_filter-color-rot","14":"pa_filter-color-schwarz","15":"pa_filter-color-weiss","17":"first","18":"instock","19":"sale","20":"taxable","21":"shipping-taxable","22":"purchasable","23":"product-type-variable","24":"add-to-wishlist-before_image"},"exclude_global_add_ons":[],"addons":[],"acf":[],"_links":{"self":[{"href":"https:\/\/shop.kustom.ch\/en\/wp-json\/wp\/v2\/product\/115872"}],"collection":[{"href":"https:\/\/shop.kustom.ch\/en\/wp-json\/wp\/v2\/product"}],"about":[{"href":"https:\/\/shop.kustom.ch\/en\/wp-json\/wp\/v2\/types\/product"}],"wp:featuredmedia":[{"embeddable":true,"href":"https:\/\/shop.kustom.ch\/en\/wp-json\/wp\/v2\/media\/245881"}],"wp:attachment":[{"href":"https:\/\/shop.kustom.ch\/en\/wp-json\/wp\/v2\/media?parent=115872"}],"wp:term":[{"taxonomy":"product_brand","embeddable":true,"href":"https:\/\/shop.kustom.ch\/en\/wp-json\/wp\/v2\/product_brand?post=115872"},{"taxonomy":"product_cat","embeddable":true,"href":"https:\/\/shop.kustom.ch\/en\/wp-json\/wp\/v2\/product_cat?post=115872"},{"taxonomy":"product_tag","embeddable":true,"href":"https:\/\/shop.kustom.ch\/en\/wp-json\/wp\/v2\/product_tag?post=115872"}],"curies":[{"name":"wp","href":"https:\/\/api.w.org\/{rel}","templated":true}]}}