{"id":114955,"date":"2024-03-21T17:06:17","date_gmt":"2024-03-21T16:06:17","guid":{"rendered":"https:\/\/kustomshop.kinsta.cloud\/produkt\/t-shirt-doubletex\/"},"modified":"2026-03-31T15:21:54","modified_gmt":"2026-03-31T14:21:54","slug":"t-shirt-doubletex","status":"publish","type":"product","link":"https:\/\/shop.kustom.ch\/en\/product\/t-shirt-doubletex\/","title":{"rendered":"Doubletex T-shirt"},"content":{"rendered":"<p>VORTEX\u00ae yarn technology<br \/>\n60 \u00b0C washable<br \/>\nPre-treated shrinkage<br \/>\nIndustrial laundry according to DIN EN ISO 15797<br \/>\nRound neck ribbed collar<br \/>\nSewn-on neck mirror<br \/>\nHanging straps in the side seams<br \/>\nReinforced seams on shoulder and armhole<br \/>\nJAKO size label on the neck<br \/>\nJAKO flag label on the left side seam<br \/>\nDOUBLETEX single jersey<br \/>\n55 % polyester, 45 % cotton<br \/>\n180 g\/m\u00b2<\/p>","protected":false},"excerpt":{"rendered":"<p>VORTEX\u00ae Garn Technologie 60 \u00b0C waschbar Einlaufvorbehandelt Industriew\u00e4sche nach DIN EN ISO 15797 Rundhals-Rippkragen Angen\u00e4hter Nackenspiegel Aufh\u00e4ngeb\u00e4nder in den Seitenn\u00e4hten Verst\u00e4rkte N\u00e4hte an Schulter und Armloch JAKO Gr\u00f6ssenlabel im Nacken JAKO Flaglabel an der linken Seitennaht DOUBLETEX Single-Jersey 55 % Polyester, 45 % Baumwolle 180 g\/m\u00b2<\/p>","protected":false},"featured_media":114954,"template":"","meta":[],"product_brand":[],"product_cat":[4201],"product_tag":[],"class_list":{"0":"post-114955","1":"product","2":"type-product","3":"status-publish","4":"has-post-thumbnail","6":"product_cat-t-shirts","7":"pa_brand-jako","8":"pa_brand-type-workwear","9":"pa_filter-color-blau","10":"pa_filter-color-grau","11":"pa_filter-color-gruen","12":"pa_filter-color-rot","13":"pa_filter-color-schwarz","14":"pa_filter-color-weiss","16":"first","17":"instock","18":"sale","19":"taxable","20":"shipping-taxable","21":"purchasable","22":"product-type-variable","23":"add-to-wishlist-before_image"},"exclude_global_add_ons":[],"addons":[],"acf":[],"_links":{"self":[{"href":"https:\/\/shop.kustom.ch\/en\/wp-json\/wp\/v2\/product\/114955"}],"collection":[{"href":"https:\/\/shop.kustom.ch\/en\/wp-json\/wp\/v2\/product"}],"about":[{"href":"https:\/\/shop.kustom.ch\/en\/wp-json\/wp\/v2\/types\/product"}],"wp:featuredmedia":[{"embeddable":true,"href":"https:\/\/shop.kustom.ch\/en\/wp-json\/wp\/v2\/media\/114954"}],"wp:attachment":[{"href":"https:\/\/shop.kustom.ch\/en\/wp-json\/wp\/v2\/media?parent=114955"}],"wp:term":[{"taxonomy":"product_brand","embeddable":true,"href":"https:\/\/shop.kustom.ch\/en\/wp-json\/wp\/v2\/product_brand?post=114955"},{"taxonomy":"product_cat","embeddable":true,"href":"https:\/\/shop.kustom.ch\/en\/wp-json\/wp\/v2\/product_cat?post=114955"},{"taxonomy":"product_tag","embeddable":true,"href":"https:\/\/shop.kustom.ch\/en\/wp-json\/wp\/v2\/product_tag?post=114955"}],"curies":[{"name":"wp","href":"https:\/\/api.w.org\/{rel}","templated":true}]}}