{"id":113200,"date":"2024-03-21T16:46:34","date_gmt":"2024-03-21T15:46:34","guid":{"rendered":"https:\/\/kustomshop.kinsta.cloud\/produkt\/freizeithose-power\/"},"modified":"2026-03-31T15:17:20","modified_gmt":"2026-03-31T14:17:20","slug":"freizeithose-power","status":"publish","type":"product","link":"https:\/\/shop.kustom.ch\/en\/product\/freizeithose-power\/","title":{"rendered":"Power leisure trousers"},"content":{"rendered":"<p>Side insert in honeycomb structure<br \/>\nElasticated material without inner lining<br \/>\nSide pockets<br \/>\nAdditional side pocket with concealed zip<br \/>\nLeg cuffs with elasticated insert<br \/>\nElasticated waistband with drawstring and JAKO branding<br \/>\nModern cut in ankle length for adult sizes<br \/>\nWith JAKO logo<br \/>\nStretch micro twill<br \/>\n100 % polyester (recycled)<br \/>\n117 g\/m\u00b2<\/p>","protected":false},"excerpt":{"rendered":"<p>Seiteneinsatz in Wabenstruktur Elastisches Material ohne Innenfutter Seitentaschen Zus\u00e4tzliche Seitentasche mit verdecktem Reissverschluss Beinabschluss mit elastischem Einsatz Elastischer Bund mit Kordelzug und JAKO Branding Moderner Schnitt in Kn\u00f6chell\u00e4nge bei Erwachsenengr\u00f6ssen Mit JAKO Logo Stretch-Micro-Twill 100 % Polyester (recycelt) 117 g\/m\u00b2<\/p>","protected":false},"featured_media":243658,"template":"","meta":[],"product_brand":[],"product_cat":[4185],"product_tag":[],"class_list":{"0":"post-113200","1":"product","2":"type-product","3":"status-publish","4":"has-post-thumbnail","6":"product_cat-hosen","7":"pa_brand-jako","8":"pa_brand-type-sportswear","9":"pa_filter-color-blau","10":"pa_filter-color-grau","11":"pa_filter-color-rot","12":"pa_filter-color-schwarz","13":"pa_filter-color-weiss","15":"first","16":"instock","17":"sale","18":"taxable","19":"shipping-taxable","20":"purchasable","21":"product-type-variable","22":"add-to-wishlist-before_image"},"exclude_global_add_ons":[],"addons":[],"acf":[],"_links":{"self":[{"href":"https:\/\/shop.kustom.ch\/en\/wp-json\/wp\/v2\/product\/113200"}],"collection":[{"href":"https:\/\/shop.kustom.ch\/en\/wp-json\/wp\/v2\/product"}],"about":[{"href":"https:\/\/shop.kustom.ch\/en\/wp-json\/wp\/v2\/types\/product"}],"wp:featuredmedia":[{"embeddable":true,"href":"https:\/\/shop.kustom.ch\/en\/wp-json\/wp\/v2\/media\/243658"}],"wp:attachment":[{"href":"https:\/\/shop.kustom.ch\/en\/wp-json\/wp\/v2\/media?parent=113200"}],"wp:term":[{"taxonomy":"product_brand","embeddable":true,"href":"https:\/\/shop.kustom.ch\/en\/wp-json\/wp\/v2\/product_brand?post=113200"},{"taxonomy":"product_cat","embeddable":true,"href":"https:\/\/shop.kustom.ch\/en\/wp-json\/wp\/v2\/product_cat?post=113200"},{"taxonomy":"product_tag","embeddable":true,"href":"https:\/\/shop.kustom.ch\/en\/wp-json\/wp\/v2\/product_tag?post=113200"}],"curies":[{"name":"wp","href":"https:\/\/api.w.org\/{rel}","templated":true}]}}