{"id":111124,"date":"2024-03-21T16:23:21","date_gmt":"2024-03-21T15:23:21","guid":{"rendered":"https:\/\/kustomshop.kinsta.cloud\/produkt\/neckwarmer\/"},"modified":"2026-03-31T15:12:56","modified_gmt":"2026-03-31T14:12:56","slug":"neckwarmer","status":"publish","type":"product","link":"https:\/\/shop.kustom.ch\/en\/product\/neckwarmer\/","title":{"rendered":"Neckwarmer"},"content":{"rendered":"<p>Soft surface structure for a comfortable feel<br \/>\nQuick-drying and breathable<br \/>\nJAKO stick logo<br \/>\nJAKO logo in contrast<br \/>\nMicro fleece<br \/>\n100 % Polyester<\/p>","protected":false},"excerpt":{"rendered":"<p>Weiche Oberfl\u00e4chenstruktur f\u00fcr angenehmes Tragegef\u00fchl Schnelltrocknend und atmungsaktiv JAKO Stick Logo JAKO Logo in Kontrast Micro-Fleece 100 % Polyester<\/p>","protected":false},"featured_media":240606,"template":"","meta":[],"product_brand":[],"product_cat":[9643,4209],"product_tag":[],"class_list":{"0":"post-111124","1":"product","2":"type-product","3":"status-publish","4":"has-post-thumbnail","6":"product_cat-equipment","7":"product_cat-zubehoer","8":"pa_brand-jako","9":"pa_brand-type-sportswear","10":"pa_filter-color-blau","11":"pa_filter-color-grau","12":"pa_filter-color-gruen","13":"pa_filter-color-rot","14":"pa_filter-color-schwarz","16":"first","17":"instock","18":"sale","19":"taxable","20":"shipping-taxable","21":"purchasable","22":"product-type-variable","23":"add-to-wishlist-before_image"},"exclude_global_add_ons":[],"addons":[],"acf":[],"_links":{"self":[{"href":"https:\/\/shop.kustom.ch\/en\/wp-json\/wp\/v2\/product\/111124"}],"collection":[{"href":"https:\/\/shop.kustom.ch\/en\/wp-json\/wp\/v2\/product"}],"about":[{"href":"https:\/\/shop.kustom.ch\/en\/wp-json\/wp\/v2\/types\/product"}],"wp:featuredmedia":[{"embeddable":true,"href":"https:\/\/shop.kustom.ch\/en\/wp-json\/wp\/v2\/media\/240606"}],"wp:attachment":[{"href":"https:\/\/shop.kustom.ch\/en\/wp-json\/wp\/v2\/media?parent=111124"}],"wp:term":[{"taxonomy":"product_brand","embeddable":true,"href":"https:\/\/shop.kustom.ch\/en\/wp-json\/wp\/v2\/product_brand?post=111124"},{"taxonomy":"product_cat","embeddable":true,"href":"https:\/\/shop.kustom.ch\/en\/wp-json\/wp\/v2\/product_cat?post=111124"},{"taxonomy":"product_tag","embeddable":true,"href":"https:\/\/shop.kustom.ch\/en\/wp-json\/wp\/v2\/product_tag?post=111124"}],"curies":[{"name":"wp","href":"https:\/\/api.w.org\/{rel}","templated":true}]}}