{"id":109389,"date":"2024-03-20T18:33:49","date_gmt":"2024-03-20T17:33:49","guid":{"rendered":"https:\/\/kustomshop.kinsta.cloud\/produkt\/nordlite-ultra-w\/"},"modified":"2026-03-27T16:04:35","modified_gmt":"2026-03-27T15:04:35","slug":"nordlite-ultra-w","status":"publish","type":"product","link":"https:\/\/shop.kustom.ch\/en\/product\/nordlite-ultra-w\/","title":{"rendered":"Nordlite Ultra W"},"content":{"rendered":"<p>Nordlite Ultra is a top-class running shoe that offers both elite and amateur runners an outstanding running experience. For the next level of responsiveness and performance. Made entirely from Cr Foam\u2122, the midsole offers excellent cushioning and stability with less weight and powerful rebound. The foam is produced using a supercritical process that achieves increased performance through a single injection of a non-toxic, recyclable midsole material. This shoe features a hybrid outsole for excellent traction and is suitable for the road and slightly uneven terrain. The upper is made of a lightweight and comfortable single-layer mesh material with high durability. This shoe stands for unrivalled innovation and offers a superior running experience and first-class comfort. Runners will feel the performance across the entire running surface.<\/p>\n<p>- One-piece mesh upper shoe<br \/>\n- Midsole with very high rebound made from extremely lightweight Cr Foam\u2122 foam, which is produced using a supercritical process<br \/>\n-Ultra Rebound\u2122 insole for maximum energy recovery<br \/>\n- 3-piece lugged rubber outsole for excellent traction, suitable for the road and slightly uneven terrain in a variety of weather conditions<br \/>\n- Regular Craft fit. Fitted heel and midfoot for excellent support and additional space for the forefoot for increased comfort and optimal performance<\/p>\n<p>Material: Upper: 46% polyester, 46% recycled polyester, 8% TPU. Midsole: 100% supercritical EVA foam. Outsole: 100% rubber<\/p>","protected":false},"excerpt":{"rendered":"<p>Nordlite Ultra ist ein Laufschuh der Extraklasse, der sowohl Elite- wie auch Hobby-L\u00e4ufer ein \u00fcberragendes Lauferlebnis bietet. F\u00fcr das n\u00e4chsth\u00f6here Level in Sachen Reaktionsf\u00e4higkeit und Leistung. Die vollst\u00e4ndig aus Cr Foam\u2122 hergestellte Mittelsohle bietet hervorragende D\u00e4mpfung und Stabilit\u00e4t bei weniger Gewicht sowie kraftvollen Rebound. Der Schaumstoff wird nach einem \u00fcberkritischen Verfahren hergestellt, bei dem erh\u00f6hte [&hellip;]<\/p>\n","protected":false},"featured_media":706551,"template":"","meta":[],"product_brand":[],"product_cat":[4197],"product_tag":[],"class_list":{"0":"post-109389","1":"product","2":"type-product","3":"status-publish","4":"has-post-thumbnail","6":"product_cat-schuhe-sandalen","7":"pa_brand-craft","8":"pa_brand-type-sportswear","9":"pa_filter-color-schwarz","10":"pa_filter-color-weiss","12":"first","13":"instock","14":"sale","15":"taxable","16":"shipping-taxable","17":"purchasable","18":"product-type-variable","19":"add-to-wishlist-before_image"},"exclude_global_add_ons":[],"addons":[],"acf":[],"_links":{"self":[{"href":"https:\/\/shop.kustom.ch\/en\/wp-json\/wp\/v2\/product\/109389"}],"collection":[{"href":"https:\/\/shop.kustom.ch\/en\/wp-json\/wp\/v2\/product"}],"about":[{"href":"https:\/\/shop.kustom.ch\/en\/wp-json\/wp\/v2\/types\/product"}],"wp:featuredmedia":[{"embeddable":true,"href":"https:\/\/shop.kustom.ch\/en\/wp-json\/wp\/v2\/media\/706551"}],"wp:attachment":[{"href":"https:\/\/shop.kustom.ch\/en\/wp-json\/wp\/v2\/media?parent=109389"}],"wp:term":[{"taxonomy":"product_brand","embeddable":true,"href":"https:\/\/shop.kustom.ch\/en\/wp-json\/wp\/v2\/product_brand?post=109389"},{"taxonomy":"product_cat","embeddable":true,"href":"https:\/\/shop.kustom.ch\/en\/wp-json\/wp\/v2\/product_cat?post=109389"},{"taxonomy":"product_tag","embeddable":true,"href":"https:\/\/shop.kustom.ch\/en\/wp-json\/wp\/v2\/product_tag?post=109389"}],"curies":[{"name":"wp","href":"https:\/\/api.w.org\/{rel}","templated":true}]}}