{"id":109187,"date":"2024-03-20T18:32:50","date_gmt":"2024-03-20T17:32:50","guid":{"rendered":"https:\/\/kustomshop.kinsta.cloud\/produkt\/nordlite-speed-m\/"},"modified":"2026-03-27T16:05:49","modified_gmt":"2026-03-27T15:05:49","slug":"nordlite-speed-m","status":"publish","type":"product","link":"https:\/\/shop.kustom.ch\/en\/product\/nordlite-speed-m\/","title":{"rendered":"Nordlite Speed M"},"content":{"rendered":"<p>Nordlite Speed represents the next level of responsiveness and performance for dedicated road runners. A stable construction, a wide forefoot and a comfortable heel fit ensure outstanding comfort during intensive long-distance running.<\/p>\n<p>This premium running shoe features a supercritical Cr-Foam\u2122 midsole that provides cushioning and stability with reduced weight and explosive rebound. The ultimate expression of advanced simplicity, the shoe features an exposed Ultra Carbon Plate\u2122 that offers huge mechanical benefits in terms of efficiency and propulsion. In addition, the shoe sits on a flat outsole for minimal weight and maximum grip on the road. The upper is made from a single-layer technical mesh fabric that is lightweight, comfortable and durable. Top athletes and everyday runners benefit from the strong advantages with every step. Used by the Craft Elite Run Team for racing and training.<\/p>\n<p>Cr Foam\u2122<br \/>\nCr Foam\u2122 is an ultra-lightweight midsole foam made from preferred materials that provides excellent energy return and a pillow-soft ride on a variety of terrain. The foam is manufactured using an advanced technology that involves a non-toxic process in which no chemicals are added to the raw materials. In addition, the elements are fully integrated under high temperature and pressure, enhancing the properties of the foam and achieving a higher level of performance. <\/p>\n<p>Ultra Carbon Plate\u2122<br \/>\nThe thin Ultra Carbon Plate\u2122 is made of carefully selected carbon fibres, works almost like a trampoline and offers the best energy return in its class. In addition, the tuned carbon plate has a precision split that allows the big toe to move independently on the medial side of the plate and the other toes on the lateral side - creating torsion to provide ultra rebound on different surfaces and angles.<\/p>\n<p>Craft Endurance Fit\u00ae<br \/>\nCraft Endurance Fit\u00ae fit features a narrow heel counter, a supportive midfoot bridge and a roomy forefoot area. The narrow heel counter ensures a snug fit without slippage and unrivalled stability on any terrain. The midfoot bridge provides a secure fit that boosts confidence with every step. The roomy forefoot area allows natural movement of the toes and metatarsals for even more comfort.<\/p>\n<p>- Super-thin upper made from transparent TPU mesh fabric<br \/>\n- Cr-Foam\u2122 midsole - ultra-light, ultra-high rebound<br \/>\n- Ultra Carbon Plate\u2122<br \/>\n- Flat outsole for minimum weight and maximum grip on the road<br \/>\n- Ortholite\u2122 recycled insole with high resilience<br \/>\nCraft Endurance Fit\u00ae<br \/>\n- Weight: 266 g in size UK8<br \/>\n- Heel 40 mm, forefoot 34 mm incl. insole<br \/>\n- Countersink: 6 mm<\/p>\n<p>Material: Upper 100% Thermoplastic urethanes, Midsole 100% EVA Supercritical Foam, Midsole insert 100% Carbon Fibre, Outsole 100% Rubber<\/p>","protected":false},"excerpt":{"rendered":"<p>Nordlite Speed stellt f\u00fcr engagierte Strassenl\u00e4ufer die n\u00e4chste Stufe der Reaktionsf\u00e4higkeit und Leistung dar. Eine stabile Konstruktion, ein breiter Vorderfuss und eine bequeme Fersenpassform sorgen f\u00fcr hervorragenden Komfort beim intensiven Langstreckenlauf. Dieser Premium-Laufschuh verf\u00fcgt \u00fcber eine \u00fcberkritische Cr-Foam\u2122-Zwischensohle, die D\u00e4mpfung und Stabilit\u00e4t bei reduziertem Gewicht und explosiver R\u00fcckfederung bietet. Der Schuh ist der ultimative Ausdruck [&hellip;]<\/p>\n","protected":false},"featured_media":706563,"template":"","meta":[],"product_brand":[],"product_cat":[4197],"product_tag":[],"class_list":{"0":"post-109187","1":"product","2":"type-product","3":"status-publish","4":"has-post-thumbnail","6":"product_cat-schuhe-sandalen","7":"pa_brand-craft","8":"pa_brand-type-sportswear","9":"pa_filter-color-grau","10":"pa_filter-color-rot","11":"pa_filter-color-schwarz","13":"first","14":"instock","15":"sale","16":"taxable","17":"shipping-taxable","18":"purchasable","19":"product-type-variable","20":"add-to-wishlist-before_image"},"exclude_global_add_ons":[],"addons":[],"acf":[],"_links":{"self":[{"href":"https:\/\/shop.kustom.ch\/en\/wp-json\/wp\/v2\/product\/109187"}],"collection":[{"href":"https:\/\/shop.kustom.ch\/en\/wp-json\/wp\/v2\/product"}],"about":[{"href":"https:\/\/shop.kustom.ch\/en\/wp-json\/wp\/v2\/types\/product"}],"wp:featuredmedia":[{"embeddable":true,"href":"https:\/\/shop.kustom.ch\/en\/wp-json\/wp\/v2\/media\/706563"}],"wp:attachment":[{"href":"https:\/\/shop.kustom.ch\/en\/wp-json\/wp\/v2\/media?parent=109187"}],"wp:term":[{"taxonomy":"product_brand","embeddable":true,"href":"https:\/\/shop.kustom.ch\/en\/wp-json\/wp\/v2\/product_brand?post=109187"},{"taxonomy":"product_cat","embeddable":true,"href":"https:\/\/shop.kustom.ch\/en\/wp-json\/wp\/v2\/product_cat?post=109187"},{"taxonomy":"product_tag","embeddable":true,"href":"https:\/\/shop.kustom.ch\/en\/wp-json\/wp\/v2\/product_tag?post=109187"}],"curies":[{"name":"wp","href":"https:\/\/api.w.org\/{rel}","templated":true}]}}