{"id":109133,"date":"2024-03-20T18:32:33","date_gmt":"2024-03-20T17:32:33","guid":{"rendered":"https:\/\/kustomshop.kinsta.cloud\/produkt\/endurance-trail-m\/"},"modified":"2026-03-27T16:04:21","modified_gmt":"2026-03-27T15:04:21","slug":"endurance-trail-m","status":"publish","type":"product","link":"https:\/\/shop.kustom.ch\/en\/product\/endurance-trail-m\/","title":{"rendered":"Endurance Trail M"},"content":{"rendered":"<p>The Endurance Trail is a hard-wearing trail running shoe with a treaded outsole and a relatively narrow fit, designed for long-distance runs on predominantly light trail surfaces.<\/p>\n<p>This professional-grade running shoe features a full-length Px-Foam\u2122 midsole which, combined with an optimised stack height, ensures explosive toe-off, a springy landing and an efficient stride. The shoe's mid-height tread outsole maximises energy on varied terrain and ensures excellent grip on moderate trails and optimal performance on roads and light trails. In addition, the fully constructed, one-piece mesh upper works in harmony with the foot, providing comfort and support with every nimble stride. <\/p>\n<p>Xx Foam\u2122<br \/>\nPx Foam\u2122 is an ultra-lightweight midsole material characterised by excellent energy return, shock absorption and flexibility. This innovative material is made with a single, natural foaming agent and contains no chemical cross-linking agents, ensuring a non-toxic process. In addition, raw and finished materials are fully recyclable. The high-performance foam has an extremely low density, making it up to 20 % lighter than conventional EVA. The reduced weight combined with the explosive rebound makes Px Foam\u2122 perfect for any run.<\/p>\n<p>- One-piece upper made from technical mesh fabric, 50 % of which is made from recycled materials<br \/>\n- Px-Foam\u2122 midsole - superior feel and rebound<br \/>\n- Contoured design insole for reduced weight and first-class comfort<br \/>\n- The hard-wearing rubber outsole with tread provides excellent traction and grip without adding weight<br \/>\n- Shoelaces made from 100 % recycled material<br \/>\n- Insole foam made from 30 % recycled material<br \/>\n- Weight: 285 g in size UK8<br \/>\n- Heel 36 mm, forefoot 27 mm incl. insole<br \/>\n- Countersink: 9 mm<\/p>\n<p>Material: Upper 54% Recycled Polyester, 42% Thermoplastic urethanes, 2% Polyester, 2% Nylon, Padding 100% Polyester, Lining 100% Recycled Polyester, Insole Board 75% Recycled Polyester, 25% Polyester, Insole 50% Recycled Polyester, 50% Polyester, Laces 100% Polyester, Midsole 100% ETPU Foam, Outsole 100% Rubber<\/p>","protected":false},"excerpt":{"rendered":"<p>Der Endurance Trail ist ein strapazierf\u00e4higer Trailrunning-Schuh mit Profillaufsohle und relativ enger Passform, der f\u00fcr Langstreckenl\u00e4ufe auf \u00fcberwiegend leichtem Trail-Untergrund konzipiert ist. Dieser Laufschuh der Profiklasse verf\u00fcgt \u00fcber eine durchgehende Px-Foam\u2122-Zwischensohle, die in Kombination mit einer optimalen Stapelh\u00f6he f\u00fcr explosives Abstossen mit den Zehen, federweiche Landung und effizienten Schritt sorgt. Die mittelhohe Profillaufsohle des Schuhs [&hellip;]<\/p>\n","protected":false},"featured_media":706568,"template":"","meta":[],"product_brand":[],"product_cat":[4197],"product_tag":[],"class_list":{"0":"post-109133","1":"product","2":"type-product","3":"status-publish","4":"has-post-thumbnail","6":"product_cat-schuhe-sandalen","7":"pa_brand-craft","8":"pa_brand-type-sportswear","9":"pa_filter-color-blau","10":"pa_filter-color-grau","11":"pa_filter-color-gruen","13":"first","14":"instock","15":"sale","16":"taxable","17":"shipping-taxable","18":"purchasable","19":"product-type-variable","20":"add-to-wishlist-before_image"},"exclude_global_add_ons":[],"addons":[],"acf":[],"_links":{"self":[{"href":"https:\/\/shop.kustom.ch\/en\/wp-json\/wp\/v2\/product\/109133"}],"collection":[{"href":"https:\/\/shop.kustom.ch\/en\/wp-json\/wp\/v2\/product"}],"about":[{"href":"https:\/\/shop.kustom.ch\/en\/wp-json\/wp\/v2\/types\/product"}],"wp:featuredmedia":[{"embeddable":true,"href":"https:\/\/shop.kustom.ch\/en\/wp-json\/wp\/v2\/media\/706568"}],"wp:attachment":[{"href":"https:\/\/shop.kustom.ch\/en\/wp-json\/wp\/v2\/media?parent=109133"}],"wp:term":[{"taxonomy":"product_brand","embeddable":true,"href":"https:\/\/shop.kustom.ch\/en\/wp-json\/wp\/v2\/product_brand?post=109133"},{"taxonomy":"product_cat","embeddable":true,"href":"https:\/\/shop.kustom.ch\/en\/wp-json\/wp\/v2\/product_cat?post=109133"},{"taxonomy":"product_tag","embeddable":true,"href":"https:\/\/shop.kustom.ch\/en\/wp-json\/wp\/v2\/product_tag?post=109133"}],"curies":[{"name":"wp","href":"https:\/\/api.w.org\/{rel}","templated":true}]}}