{"id":108174,"date":"2024-03-20T18:25:29","date_gmt":"2024-03-20T17:25:29","guid":{"rendered":"https:\/\/kustomshop.kinsta.cloud\/produkt\/premier-fade-jersey-w\/"},"modified":"2026-03-27T14:33:30","modified_gmt":"2026-03-27T13:33:30","slug":"premier-fade-jersey-w","status":"publish","type":"product","link":"https:\/\/shop.kustom.ch\/en\/product\/premier-fade-jersey-w\/","title":{"rendered":"Premier Fade Jersey W"},"content":{"rendered":"<p>Premier Fade Jersey is a high-quality competition jersey developed for top athletic performance. This highly functional jersey made from fine, very stretchy recycled polyester is characterised by an ergonomic design and side slits for unrestricted freedom of movement. It also features a V-neck, a welded collar and a discreet print on the front and back.<\/p>\n<p>Material: 95% recycled polyester, 5% elastane<\/p>","protected":false},"excerpt":{"rendered":"<p>Premier Fade Jersey ist ein hochwertiges Wettkampf-Trikot, das f\u00fcr sportliche H\u00f6chstleistungen entwickelt wurde. Dieses hochfunktionelle Trikot aus feinem, sehr elastischem Recycling-Polyester zeichnet sich durch ein ergonomisches Design und Seitenschlitze f\u00fcr uneingeschr\u00e4nkte Bewegungsfreiheit aus. Zudem verf\u00fcgt es \u00fcber einen V-Ausschnitt, einen verschweissten Kragen und einen dezenten Print auf der Vorder- und R\u00fcckseite. Material: 95% Recycling-Polyester, 5% [&hellip;]<\/p>\n","protected":false},"featured_media":108173,"template":"","meta":[],"product_brand":[],"product_cat":[4201],"product_tag":[],"class_list":{"0":"post-108174","1":"product","2":"type-product","3":"status-publish","4":"has-post-thumbnail","6":"product_cat-t-shirts","7":"pa_brand-craft-teamwear","8":"pa_brand-type-sportswear","9":"pa_filter-color-blau","10":"pa_filter-color-gelb","11":"pa_filter-color-rot","12":"pa_filter-color-schwarz","13":"pa_filter-color-weiss","15":"first","16":"instock","17":"sale","18":"taxable","19":"shipping-taxable","20":"purchasable","21":"product-type-variable","22":"add-to-wishlist-before_image"},"exclude_global_add_ons":[],"addons":[],"acf":[],"_links":{"self":[{"href":"https:\/\/shop.kustom.ch\/en\/wp-json\/wp\/v2\/product\/108174"}],"collection":[{"href":"https:\/\/shop.kustom.ch\/en\/wp-json\/wp\/v2\/product"}],"about":[{"href":"https:\/\/shop.kustom.ch\/en\/wp-json\/wp\/v2\/types\/product"}],"wp:featuredmedia":[{"embeddable":true,"href":"https:\/\/shop.kustom.ch\/en\/wp-json\/wp\/v2\/media\/108173"}],"wp:attachment":[{"href":"https:\/\/shop.kustom.ch\/en\/wp-json\/wp\/v2\/media?parent=108174"}],"wp:term":[{"taxonomy":"product_brand","embeddable":true,"href":"https:\/\/shop.kustom.ch\/en\/wp-json\/wp\/v2\/product_brand?post=108174"},{"taxonomy":"product_cat","embeddable":true,"href":"https:\/\/shop.kustom.ch\/en\/wp-json\/wp\/v2\/product_cat?post=108174"},{"taxonomy":"product_tag","embeddable":true,"href":"https:\/\/shop.kustom.ch\/en\/wp-json\/wp\/v2\/product_tag?post=108174"}],"curies":[{"name":"wp","href":"https:\/\/api.w.org\/{rel}","templated":true}]}}