{"id":106176,"date":"2024-03-20T18:13:30","date_gmt":"2024-03-20T17:13:30","guid":{"rendered":"https:\/\/kustomshop.kinsta.cloud\/produkt\/adv-subz-insulate-bootie\/"},"modified":"2026-03-27T13:46:45","modified_gmt":"2026-03-27T12:46:45","slug":"adv-subz-insulate-bootie","status":"publish","type":"product","link":"https:\/\/shop.kustom.ch\/en\/product\/adv-subz-insulate-bootie\/","title":{"rendered":"Adv SubZ Insulate Bootie"},"content":{"rendered":"<p>Neoprene overshoes for advanced skiers with taped seams, PU coating on top, brushed inside and with waterproof zip which protects the feet in very cold and wet conditions.<br \/>\n- Functional materials transport perspiration moisture to the outside, ensure a pleasantly cool feeling and keep the body dry<br \/>\n- Soft, elasticated materials for an optimal fit and unrestricted freedom of movement<br \/>\n- Durable materials<br \/>\n- Recycled material<\/p>\n<p>Material: First material: 70% polyurethane 20% polyester 10% elastane Second material: 100% neoprene Third material: 100% polyester<\/p>","protected":false},"excerpt":{"rendered":"<p>Neopren-\u00dcberschuhe f\u00fcr Fortgeschrittene mit getapten N\u00e4hten, PU-Beschichtung oben, innen angeraut und mit wasserfestem Reissverschluss welcher die F\u00fcsse in sehr kalten und nassen Bedingungen sch\u00fctzt. \u2022 Funktionelle Materialien transportieren Schwitzfeuchtigkeit nach aussen, sorgen f\u00fcr ein angenehm k\u00fchles Gef\u00fchl und halten den K\u00f6rper trocken \u2022 Weiche, elastische Materialien f\u00fcr einen optimalen Sitz und eine uneingeschr\u00e4nkte Bewegungsfreiheit \u2022 [&hellip;]<\/p>\n","protected":false},"featured_media":248919,"template":"","meta":[],"product_brand":[],"product_cat":[9643,4209],"product_tag":[],"class_list":{"0":"post-106176","1":"product","2":"type-product","3":"status-publish","4":"has-post-thumbnail","6":"product_cat-equipment","7":"product_cat-zubehoer","8":"pa_brand-craft-retail-sportswear","9":"pa_brand-type-sportswear","10":"pa_filter-color-schwarz","12":"first","13":"outofstock","14":"sale","15":"taxable","16":"shipping-taxable","17":"purchasable","18":"product-type-variable","19":"add-to-wishlist-before_image"},"exclude_global_add_ons":[],"addons":[],"acf":[],"_links":{"self":[{"href":"https:\/\/shop.kustom.ch\/en\/wp-json\/wp\/v2\/product\/106176"}],"collection":[{"href":"https:\/\/shop.kustom.ch\/en\/wp-json\/wp\/v2\/product"}],"about":[{"href":"https:\/\/shop.kustom.ch\/en\/wp-json\/wp\/v2\/types\/product"}],"wp:featuredmedia":[{"embeddable":true,"href":"https:\/\/shop.kustom.ch\/en\/wp-json\/wp\/v2\/media\/248919"}],"wp:attachment":[{"href":"https:\/\/shop.kustom.ch\/en\/wp-json\/wp\/v2\/media?parent=106176"}],"wp:term":[{"taxonomy":"product_brand","embeddable":true,"href":"https:\/\/shop.kustom.ch\/en\/wp-json\/wp\/v2\/product_brand?post=106176"},{"taxonomy":"product_cat","embeddable":true,"href":"https:\/\/shop.kustom.ch\/en\/wp-json\/wp\/v2\/product_cat?post=106176"},{"taxonomy":"product_tag","embeddable":true,"href":"https:\/\/shop.kustom.ch\/en\/wp-json\/wp\/v2\/product_tag?post=106176"}],"curies":[{"name":"wp","href":"https:\/\/api.w.org\/{rel}","templated":true}]}}