{"id":105809,"date":"2024-03-20T18:11:35","date_gmt":"2024-03-20T17:11:35","guid":{"rendered":"https:\/\/kustomshop.kinsta.cloud\/produkt\/pro-endur-distance-m\/"},"modified":"2026-03-27T16:05:52","modified_gmt":"2026-03-27T15:05:52","slug":"pro-endur-distance-m","status":"publish","type":"product","link":"https:\/\/shop.kustom.ch\/en\/product\/pro-endur-distance-m\/","title":{"rendered":"PRO Endur Distance M"},"content":{"rendered":"<p>The PRO Endur Distance running shoe sets new standards in responsiveness for those who take running seriously. Made entirely from Px Foam\u2122, the midsole offers optimal height for a powerful toe-off and feather-light cushioning for efficient running behaviour. Every contour of this platform is well thought out to deliver maximum energy at different speeds. The one-piece upper made of high-tech mesh moulds to the foot and provides comfort and support with every stride. This shoe is characterised by its dynamic performance and sleek design.<\/p>\n<p>- One-piece mesh upper shoe<br \/>\n- Px Foam\u2122 midsole for increased comfort and rebound<br \/>\n- Lightweight, moulded foam midsole for maximum comfort<br \/>\n- Lightweight rubber inserts on the outsole for traction and high stability<br \/>\n- Normal fit<br \/>\n- Weight for size 8 (UK) 235 g<br \/>\n- Height under the heel: 36 mm<br \/>\n- Drop: 9 mm<\/p>\n<p>Material: 100% polyester jacquard+TPU no-sew. Midsole: 100% EVA foam. Outsole: 100% rubber<\/p>","protected":false},"excerpt":{"rendered":"<p>Der Laufschuh PRO Endur Distance setzt neue Massst\u00e4be in Sachen Reaktionsf\u00e4higkeit f\u00fcr alle, die das Laufen ernst nehmen. Die vollst\u00e4ndig aus Px Foam\u2122 hergestellte Mittelsohle bietet eine optimale Bauh\u00f6he f\u00fcr einen kraftvollen Zehenabstoss und eine federleichte D\u00e4mpfung f\u00fcr ein effizientes Laufverhalten. Jede Kontur dieser Plattform ist gut durchdacht, um bei unterschiedlichen Geschwindigkeiten maximale Energie zu [&hellip;]<\/p>\n","protected":false},"featured_media":706487,"template":"","meta":[],"product_brand":[],"product_cat":[4197],"product_tag":[],"class_list":{"0":"post-105809","1":"product","2":"type-product","3":"status-publish","4":"has-post-thumbnail","6":"product_cat-schuhe-sandalen","7":"pa_brand-craft","8":"pa_brand-type-sportswear","9":"pa_filter-color-schwarz","10":"pa_filter-color-weiss","12":"first","13":"instock","14":"sale","15":"taxable","16":"shipping-taxable","17":"purchasable","18":"product-type-variable","19":"add-to-wishlist-before_image"},"exclude_global_add_ons":[],"addons":[],"acf":[],"_links":{"self":[{"href":"https:\/\/shop.kustom.ch\/en\/wp-json\/wp\/v2\/product\/105809"}],"collection":[{"href":"https:\/\/shop.kustom.ch\/en\/wp-json\/wp\/v2\/product"}],"about":[{"href":"https:\/\/shop.kustom.ch\/en\/wp-json\/wp\/v2\/types\/product"}],"wp:featuredmedia":[{"embeddable":true,"href":"https:\/\/shop.kustom.ch\/en\/wp-json\/wp\/v2\/media\/706487"}],"wp:attachment":[{"href":"https:\/\/shop.kustom.ch\/en\/wp-json\/wp\/v2\/media?parent=105809"}],"wp:term":[{"taxonomy":"product_brand","embeddable":true,"href":"https:\/\/shop.kustom.ch\/en\/wp-json\/wp\/v2\/product_brand?post=105809"},{"taxonomy":"product_cat","embeddable":true,"href":"https:\/\/shop.kustom.ch\/en\/wp-json\/wp\/v2\/product_cat?post=105809"},{"taxonomy":"product_tag","embeddable":true,"href":"https:\/\/shop.kustom.ch\/en\/wp-json\/wp\/v2\/product_tag?post=105809"}],"curies":[{"name":"wp","href":"https:\/\/api.w.org\/{rel}","templated":true}]}}