{"id":105041,"date":"2024-03-20T18:07:00","date_gmt":"2024-03-20T17:07:00","guid":{"rendered":"https:\/\/kustomshop.kinsta.cloud\/produkt\/adv-essence-wind-jacket-m\/"},"modified":"2026-03-27T15:12:43","modified_gmt":"2026-03-27T14:12:43","slug":"adv-essence-wind-jacket-m","status":"publish","type":"product","link":"https:\/\/shop.kustom.ch\/en\/product\/adv-essence-wind-jacket-m\/","title":{"rendered":"ADV Essence Wind Jacket M"},"content":{"rendered":"<p>Waterproof windbreaker for intensive training, running and similar sporting activities. Made from soft, lightweight recycled polyester fabric, with perforated areas on the upper body and under the sleeves for increased ventilation. Elasticated cuffs.<br \/>\n- Wind and water-repellent, lightweight recycled polyester fabric<br \/>\n- Perforated areas on the upper body and under the sleeves for increased ventilation<br \/>\n- Elasticated cuffs<br \/>\n- Two side pockets with zip<br \/>\n- Waistband with drawstring<\/p>\n<p>Material: 60% recycled polyester 40% polyester<\/p>","protected":false},"excerpt":{"rendered":"<p>Wasserfeste Windjacke f\u00fcr intensives Training, Laufen und \u00e4hnliche sportliche Aktivit\u00e4ten. Aus weichem, leichtem Recycling-Polyestergewebe, mit perforierten Bereichen am Oberk\u00f6rper und unter den \u00c4rmeln f\u00fcr erh\u00f6hte Ventilation. Elastische \u00c4rmelabschl\u00fcsse. \u2022 Wind- und wasserabweisendes, leichtes Recycling-Polyestergewebe \u2022 Perforierte Bereiche am Oberk\u00f6rper und unter den \u00c4rmeln f\u00fcr erh\u00f6hte Ventilation \u2022 Elastische \u00c4rmelabschl\u00fcsse \u2022 Zwei Seitentaschen mit Reissverschluss \u2022 [&hellip;]<\/p>\n","protected":false},"featured_media":105040,"template":"","meta":[],"product_brand":[],"product_cat":[4186],"product_tag":[],"class_list":{"0":"post-105041","1":"product","2":"type-product","3":"status-publish","4":"has-post-thumbnail","6":"product_cat-jacken","7":"pa_brand-craft-retail-sportswear","8":"pa_brand-type-sportswear","9":"pa_filter-color-gelb","10":"pa_filter-color-gruen","11":"pa_filter-color-schwarz","13":"first","14":"instock","15":"sale","16":"taxable","17":"shipping-taxable","18":"purchasable","19":"product-type-variable","20":"add-to-wishlist-before_image"},"exclude_global_add_ons":[],"addons":[],"acf":[],"_links":{"self":[{"href":"https:\/\/shop.kustom.ch\/en\/wp-json\/wp\/v2\/product\/105041"}],"collection":[{"href":"https:\/\/shop.kustom.ch\/en\/wp-json\/wp\/v2\/product"}],"about":[{"href":"https:\/\/shop.kustom.ch\/en\/wp-json\/wp\/v2\/types\/product"}],"wp:featuredmedia":[{"embeddable":true,"href":"https:\/\/shop.kustom.ch\/en\/wp-json\/wp\/v2\/media\/105040"}],"wp:attachment":[{"href":"https:\/\/shop.kustom.ch\/en\/wp-json\/wp\/v2\/media?parent=105041"}],"wp:term":[{"taxonomy":"product_brand","embeddable":true,"href":"https:\/\/shop.kustom.ch\/en\/wp-json\/wp\/v2\/product_brand?post=105041"},{"taxonomy":"product_cat","embeddable":true,"href":"https:\/\/shop.kustom.ch\/en\/wp-json\/wp\/v2\/product_cat?post=105041"},{"taxonomy":"product_tag","embeddable":true,"href":"https:\/\/shop.kustom.ch\/en\/wp-json\/wp\/v2\/product_tag?post=105041"}],"curies":[{"name":"wp","href":"https:\/\/api.w.org\/{rel}","templated":true}]}}