{"id":104741,"date":"2024-03-20T18:04:43","date_gmt":"2024-03-20T17:04:43","guid":{"rendered":"https:\/\/kustomshop.kinsta.cloud\/produkt\/adv-essence-wind-jacket-w\/"},"modified":"2026-04-20T12:21:28","modified_gmt":"2026-04-20T11:21:28","slug":"adv-essence-wind-jacket-w","status":"publish","type":"product","link":"https:\/\/shop.kustom.ch\/en\/product\/adv-essence-wind-jacket-w\/","title":{"rendered":"ADV Essence Wind Jacket W"},"content":{"rendered":"<p>Versatile training jacket with drawstring at the waist for a feminine look. Made from lightweight, wind and water-repellent recycled polyester fabric for efficient moisture transport. Perforated areas on the upper body and under the sleeves for increased ventilation. Two side pockets with zip.<br \/>\n- Wind and water-repellent, lightweight recycled polyester fabric<br \/>\n- Perforated areas on the upper body and under the sleeves for increased ventilation<br \/>\n- Drawstring at the waist<br \/>\n- Two side pockets with zip at the front for secure storage of items<br \/>\n- Drawstring waistband<\/p>\n<p>Material: 60% recycled polyester 40% polyester<\/p>","protected":false},"excerpt":{"rendered":"<p>Vielseitige Trainingsjacke mit Kordelzug an der Taille f\u00fcr einen femininen Look. Aus leichtem, wind- und wasserabweisendem Recycling-Polyestergewebe f\u00fcr einen effizienten Feuchtigkeitstransport. Perforierte Bereiche am Oberk\u00f6rper und unter den \u00c4rmeln f\u00fcr erh\u00f6hte Ventilation. Zwei Seitentaschen mit Reissverschluss. \u2022 Wind- und wasserabweisendes, leichtes Recycling-Polyestergewebe \u2022 Perforierte Bereiche am Oberk\u00f6rper und unter den \u00c4rmeln f\u00fcr erh\u00f6hte Ventilation \u2022 [&hellip;]<\/p>\n","protected":false},"featured_media":104740,"template":"","meta":[],"product_brand":[],"product_cat":[4186],"product_tag":[],"class_list":{"0":"post-104741","1":"product","2":"type-product","3":"status-publish","4":"has-post-thumbnail","6":"product_cat-jacken","7":"pa_brand-craft-retail-sportswear","8":"pa_brand-type-sportswear","9":"pa_filter-color-blau","10":"pa_filter-color-gelb","11":"pa_filter-color-pink","12":"pa_filter-color-schwarz","14":"first","15":"instock","16":"sale","17":"taxable","18":"shipping-taxable","19":"purchasable","20":"product-type-variable","21":"add-to-wishlist-before_image"},"exclude_global_add_ons":[],"addons":[],"acf":[],"_links":{"self":[{"href":"https:\/\/shop.kustom.ch\/en\/wp-json\/wp\/v2\/product\/104741"}],"collection":[{"href":"https:\/\/shop.kustom.ch\/en\/wp-json\/wp\/v2\/product"}],"about":[{"href":"https:\/\/shop.kustom.ch\/en\/wp-json\/wp\/v2\/types\/product"}],"wp:featuredmedia":[{"embeddable":true,"href":"https:\/\/shop.kustom.ch\/en\/wp-json\/wp\/v2\/media\/104740"}],"wp:attachment":[{"href":"https:\/\/shop.kustom.ch\/en\/wp-json\/wp\/v2\/media?parent=104741"}],"wp:term":[{"taxonomy":"product_brand","embeddable":true,"href":"https:\/\/shop.kustom.ch\/en\/wp-json\/wp\/v2\/product_brand?post=104741"},{"taxonomy":"product_cat","embeddable":true,"href":"https:\/\/shop.kustom.ch\/en\/wp-json\/wp\/v2\/product_cat?post=104741"},{"taxonomy":"product_tag","embeddable":true,"href":"https:\/\/shop.kustom.ch\/en\/wp-json\/wp\/v2\/product_tag?post=104741"}],"curies":[{"name":"wp","href":"https:\/\/api.w.org\/{rel}","templated":true}]}}