{"id":110858,"date":"2024-03-21T09:03:00","date_gmt":"2024-03-21T08:03:00","guid":{"rendered":"https:\/\/kustomshop.kinsta.cloud\/?page_id=110858"},"modified":"2026-03-10T15:45:45","modified_gmt":"2026-03-10T14:45:45","slug":"vereine","status":"publish","type":"page","link":"https:\/\/shop.kustom.ch\/en\/vereine\/","title":{"rendered":"Club shops"},"content":{"rendered":"<div data-elementor-type=\"wp-page\" data-elementor-id=\"110858\" class=\"elementor elementor-110858\" data-elementor-post-type=\"page\">\n\t\t\t\t<div class=\"elementor-element elementor-element-6046d6f0 e-con-full e-flex e-con e-parent\" data-id=\"6046d6f0\" data-element_type=\"container\" data-e-type=\"container\" id=\"suche\">\n\t\t<div class=\"elementor-element elementor-element-46da8ef6 e-con-full e-flex e-con e-child\" data-id=\"46da8ef6\" data-element_type=\"container\" data-e-type=\"container\">\n\t\t<div class=\"elementor-element elementor-element-33cd6ed6 e-con-full e-flex e-con e-child\" data-id=\"33cd6ed6\" data-element_type=\"container\" data-e-type=\"container\">\n\t\t<div class=\"elementor-element elementor-element-700c641e e-flex e-con-boxed elementor-invisible e-con e-child\" data-id=\"700c641e\" data-element_type=\"container\" data-e-type=\"container\" data-settings=\"{&quot;animation&quot;:&quot;fadeIn&quot;}\">\n\t\t\t\t\t<div class=\"e-con-inner\">\n\t\t\t\t<div class=\"elementor-element elementor-element-e6eb61b my-kustom-search elementor-widget-mobile__width-inherit elementor-search-form--skin-classic elementor-search-form--button-type-icon elementor-search-form--icon-search elementor-widget elementor-widget-search-form\" data-id=\"e6eb61b\" data-element_type=\"widget\" data-e-type=\"widget\" data-settings=\"{&quot;skin&quot;:&quot;classic&quot;}\" data-widget_type=\"search-form.default\">\n\t\t\t\t<div class=\"elementor-widget-container\">\n\t\t\t\t\t\t\t<search role=\"search\">\n\t\t\t<form class=\"elementor-search-form\" action=\"https:\/\/shop.kustom.ch\/en\" method=\"get\" data-trp-original-action=\"https:\/\/shop.kustom.ch\/en\">\n\t\t\t\t\t\t\t\t\t\t\t\t<div class=\"elementor-search-form__container\">\n\t\t\t\t\t<label class=\"elementor-screen-only\" for=\"elementor-search-form-e6eb61b\">Search<\/label>\n\n\t\t\t\t\t\n\t\t\t\t\t<input id=\"elementor-search-form-e6eb61b\" placeholder=\"Search company \/ club\" class=\"elementor-search-form__input\" type=\"search\" name=\"s\" value=\"\">\n\t\t\t\t\t\n\t\t\t\t\t\t\t\t\t\t\t<button class=\"elementor-search-form__submit\" type=\"submit\" aria-label=\"Search\">\n\t\t\t\t\t\t\t\t\t\t\t\t\t\t\t<div class=\"e-font-icon-svg-container\"><svg class=\"fa fa-search e-font-icon-svg e-fas-search\" viewbox=\"0 0 512 512\" xmlns=\"http:\/\/www.w3.org\/2000\/svg\"><path d=\"M505 442.7L405.3 343c-4.5-4.5-10.6-7-17-7H372c27.6-35.3 44-79.7 44-128C416 93.1 322.9 0 208 0S0 93.1 0 208s93.1 208 208 208c48.3 0 92.7-16.4 128-44v16.3c0 6.4 2.5 12.5 7 17l99.7 99.7c9.4 9.4 24.6 9.4 33.9 0l28.3-28.3c9.4-9.4 9.4-24.6.1-34zM208 336c-70.7 0-128-57.2-128-128 0-70.7 57.2-128 128-128 70.7 0 128 57.2 128 128 0 70.7-57.2 128-128 128z\"><\/path><\/svg><\/div>\t\t\t\t\t\t\t\t\t\t\t\t\t<\/button>\n\t\t\t\t\t\n\t\t\t\t\t\t\t\t\t<\/div>\n\t\t\t<input type=\"hidden\" name=\"trp-form-language\" value=\"en\"\/><\/form>\n\t\t<\/search>\n\t\t\t\t\t\t<\/div>\n\t\t\t\t<\/div>\n\t\t\t\t\t<\/div>\n\t\t\t\t<\/div>\n\t\t\t\t<\/div>\n\t\t<div class=\"elementor-element elementor-element-19ef34f e-con-full kontact-listing e-flex e-con e-child\" data-id=\"19ef34f\" data-element_type=\"container\" data-e-type=\"container\">\n\t\t<div class=\"elementor-element elementor-element-548b6acb e-con-full e-flex elementor-invisible e-con e-child\" data-id=\"548b6acb\" data-element_type=\"container\" data-e-type=\"container\" data-settings=\"{&quot;background_background&quot;:&quot;classic&quot;,&quot;animation&quot;:&quot;fadeIn&quot;}\">\n\t\t\t\t<div class=\"elementor-element elementor-element-9f05e3e searh-filter-container elementor-widget elementor-widget-text-editor\" data-id=\"9f05e3e\" data-element_type=\"widget\" data-e-type=\"widget\" data-widget_type=\"text-editor.default\">\n\t\t\t\t<div class=\"elementor-widget-container\">\n\t\t\t\t\t\t\t\t\t<ul><li><a href=\"https:\/\/shop.kustom.ch\/produkt-kategorie\/athletes-in-action\/\">Athletes in Action<\/a><\/li><li><a href=\"https:\/\/shop.kustom.ch\/produkt-kategorie\/basketball-frauenfeld\/\"><span style=\"vertical-align: inherit;\"><span style=\"vertical-align: inherit;\"><span style=\"vertical-align: inherit;\"><span style=\"vertical-align: inherit;\">Basketball Frauenfeld<\/span><\/span><\/span><\/span><\/a><\/li><li><a href=\"https:\/\/shop.kustom.ch\/produkt-kategorie\/bsg-vorderland\/\">BSG Vorderland<\/a><\/li><li><a href=\"https:\/\/shop.kustom.ch\/produkt-kategorie\/fc-heiden\/\"><span style=\"vertical-align: inherit;\"><span style=\"vertical-align: inherit;\"><span style=\"vertical-align: inherit;\"><span style=\"vertical-align: inherit;\">FC Heiden<\/span><\/span><\/span><\/span><\/a><\/li><li><a href=\"https:\/\/shop.kustom.ch\/produkt-kategorie\/fc-neukirch-egnach\/\"><span style=\"vertical-align: inherit;\"><span style=\"vertical-align: inherit;\"><span style=\"vertical-align: inherit;\"><span style=\"vertical-align: inherit;\">FC Neukirch-Egnach<\/span><\/span><\/span><\/span><\/a><\/li><li><a href=\"https:\/\/shop.kustom.ch\/produkt-kategorie\/fpw-crossfit\/\">FPW Crossfit<\/a><\/li><li><a href=\"https:\/\/shop.kustom.ch\/produkt-kategorie\/getu-stein-buehler\/\">GETU Stein-B\u00fchler<\/a><\/li><li><a href=\"https:\/\/shop.kustom.ch\/produkt-kategorie\/junge-weinfreunde-nordostschweiz\/\">Young wine lovers of north-east Switzerland<\/a><\/li><li><a href=\"https:\/\/shop.kustom.ch\/produkt-kategorie\/jungschar-romanshorn\/\"><span style=\"vertical-align: inherit;\"><span style=\"vertical-align: inherit;\"><span style=\"vertical-align: inherit;\"><span style=\"vertical-align: inherit;\">Jungschar Romanshorn Unihockey<\/span><\/span><\/span><\/span><\/a><\/li><li><a href=\"https:\/\/shop.kustom.ch\/produkt-kategorie\/kanu-club-romanshorn\/\">Romanshorn Canoe Club<\/a><\/li><li><a href=\"https:\/\/shop.kustom.ch\/produkt-kategorie\/lar-bischofszell\/\"><span style=\"vertical-align: inherit;\"><span style=\"vertical-align: inherit;\"><span style=\"vertical-align: inherit;\"><span style=\"vertical-align: inherit;\">LAR Bischofszell<\/span><\/span><\/span><\/span><\/a><\/li><li><a href=\"https:\/\/shop.kustom.ch\/produkt-kategorie\/lc-bruehl\/\"><span style=\"vertical-align: inherit;\"><span style=\"vertical-align: inherit;\"><span style=\"vertical-align: inherit;\"><span style=\"vertical-align: inherit;\">LC Br\u00fchl<\/span><\/span><\/span><\/span><\/a><\/li><li><a href=\"https:\/\/shop.kustom.ch\/produkt-kategorie\/lc-frauenfeld\/\"><span style=\"vertical-align: inherit;\"><span style=\"vertical-align: inherit;\"><span style=\"vertical-align: inherit;\"><span style=\"vertical-align: inherit;\">LC Frauenfeld<\/span><\/span><\/span><\/span><\/a><\/li><li><a href=\"https:\/\/shop.kustom.ch\/produkt-kategorie\/llt-oberwallis\/\"><span style=\"vertical-align: inherit;\"><span style=\"vertical-align: inherit;\"><span style=\"vertical-align: inherit;\"><span style=\"vertical-align: inherit;\">LLT Oberwallis<\/span><\/span><\/span><\/span><\/a><\/li><li><a href=\"https:\/\/shop.kustom.ch\/produkt-kategorie\/net-tennis-academy\/\"><span style=\"vertical-align: inherit;\"><span style=\"vertical-align: inherit;\"><span style=\"vertical-align: inherit;\"><span style=\"vertical-align: inherit;\">NET Tennis Academy<\/span><\/span><\/span><\/span><\/a><\/li><li><a href=\"https:\/\/shop.kustom.ch\/produkt-kategorie\/projektwoche-ch\/\"><span style=\"vertical-align: inherit;\"><span style=\"vertical-align: inherit;\"><span style=\"vertical-align: inherit;\"><span style=\"vertical-align: inherit;\">Projektwoche<\/span><\/span><\/span><\/span><\/a><\/li><li><a href=\"https:\/\/shop.kustom.ch\/produkt-kategorie\/sc-bruehl-spieler-kollektion\/\"><span style=\"vertical-align: inherit;\"><span style=\"vertical-align: inherit;\"><span style=\"vertical-align: inherit;\"><span style=\"vertical-align: inherit;\">SC Br\u00fchl players<\/span><\/span><\/span><\/span><\/a><\/li><li><a href=\"https:\/\/shop.kustom.ch\/produkt-kategorie\/sc-bruehl-trainer-kollektion\/\"><span style=\"vertical-align: inherit;\"><span style=\"vertical-align: inherit;\"><span style=\"vertical-align: inherit;\"><span style=\"vertical-align: inherit;\">SC Br\u00fchl coach<\/span><\/span><\/span><\/span><\/a><\/li><li><a href=\"http:\/\/shop.kustom.ch\/produkt-kategorie\/sc-herisau\">SC Herisau<\/a><\/li><li><a href=\"https:\/\/shop.kustom.ch\/produkt-kategorie\/schwimmclub-winterthur\/\"><span style=\"vertical-align: inherit;\"><span style=\"vertical-align: inherit;\"><span style=\"vertical-align: inherit;\"><span style=\"vertical-align: inherit;\">Schwimmclub Winterthur<\/span><\/span><\/span><\/span><\/a><\/li><li><a href=\"https:\/\/shop.kustom.ch\/produkt-kategorie\/sportamt-thurgau\/\"><span style=\"vertical-align: inherit;\"><span style=\"vertical-align: inherit;\"><span style=\"vertical-align: inherit;\"><span style=\"vertical-align: inherit;\">Sportamt Thurgau<\/span><\/span><\/span><\/span><\/a><\/li><li><a href=\"https:\/\/shop.kustom.ch\/produkt-kategorie\/sportamt-zuerich\/\"><span style=\"vertical-align: inherit;\"><span style=\"vertical-align: inherit;\"><span style=\"vertical-align: inherit;\"><span style=\"vertical-align: inherit;\">Sportamt Z\u00fcrich<\/span><\/span><\/span><\/span><\/a><\/li><li><a href=\"https:\/\/shop.kustom.ch\/produkt-kategorie\/st-galler-turnverband\/\">St. Galler Turnverband<\/a><\/li><li><a href=\"https:\/\/shop.kustom.ch\/produkt-kategorie\/svri-funktionaere\/\"><span style=\"vertical-align: inherit;\"><span style=\"vertical-align: inherit;\"><span style=\"vertical-align: inherit;\"><span style=\"vertical-align: inherit;\">SVRI officials<\/span><\/span><\/span><\/span><\/a><\/li><li><a href=\"https:\/\/shop.kustom.ch\/produkt-kategorie\/svri-spieler\/\"><span style=\"vertical-align: inherit;\"><span style=\"vertical-align: inherit;\"><span style=\"vertical-align: inherit;\"><span style=\"vertical-align: inherit;\">SVRI players<\/span><\/span><\/span><\/span><\/a><\/li><li><a href=\"https:\/\/shop.kustom.ch\/produkt-kategorie\/swissvolley\/\"><span style=\"vertical-align: inherit;\"><span style=\"vertical-align: inherit;\"><span style=\"vertical-align: inherit;\"><span style=\"vertical-align: inherit;\">Swiss Volley<\/span><\/span><\/span><\/span><\/a><\/li><li><a href=\"https:\/\/shop.kustom.ch\/produkt-kategorie\/swiss-volley-schiedsrichter\/\"><span style=\"vertical-align: inherit;\"><span style=\"vertical-align: inherit;\"><span style=\"vertical-align: inherit;\"><span style=\"vertical-align: inherit;\">Swiss Volley referee (old)<\/span><\/span><\/span><\/span><\/a><\/li><li><a href=\"https:\/\/shop.kustom.ch\/produkt-kategorie\/volleyball-schiedsrichter:innen\/\">Swiss Volleyball referees<\/a><\/li><li><a href=\"https:\/\/shop.kustom.ch\/produkt-kategorie\/beachvolleyball-schiedsrichter:innen\/\">Swiss Beach Volleyball referees<\/a><\/li><li><a href=\"https:\/\/shop.kustom.ch\/produkt-kategorie\/talent-campus\/\"><span style=\"vertical-align: inherit;\"><span style=\"vertical-align: inherit;\"><span style=\"vertical-align: inherit;\"><span style=\"vertical-align: inherit;\">Talent Campus<\/span><\/span><\/span><\/span><\/a><\/li><li><a href=\"https:\/\/shop.kustom.ch\/produkt-kategorie\/tsv-fortitudo\">TSV Fortitudo<\/a><\/li><li><a href=\"https:\/\/shop.kustom.ch\/produkt-kategorie\/tv-bischofszell\/\"><span style=\"vertical-align: inherit;\"><span style=\"vertical-align: inherit;\"><span style=\"vertical-align: inherit;\"><span style=\"vertical-align: inherit;\">TV Bischofszell<\/span><\/span><\/span><\/span><\/a><\/li><li><a href=\"https:\/\/shop.kustom.ch\/produkt-kategorie\/tv-cervus-andwil-arnegg\/\">TV Cervus Andwil-Arnegg<\/a><\/li><li><a href=\"https:\/\/shop.kustom.ch\/produkt-kategorie\/tv-kesswil\/\">TV Kesswil<\/a><\/li><li><a href=\"https:\/\/shop.kustom.ch\/produkt-kategorie\/tv-truellikon\/\">TV Tr\u00fcllikon<\/a><\/li><li><a href=\"https:\/\/shop.kustom.ch\/produkt-kategorie\/tv-zuzwil\/\">TV Zuzwil<\/a><\/li><li><a href=\"https:\/\/shop.kustom.ch\/produkt-kategorie\/vbc-allschwil\/\"><span style=\"vertical-align: inherit;\"><span style=\"vertical-align: inherit;\"><span style=\"vertical-align: inherit;\"><span style=\"vertical-align: inherit;\">VBC Allschwil<\/span><\/span><\/span><\/span><\/a><\/li><li><a href=\"https:\/\/shop.kustom.ch\/produkt-kategorie\/vbc-andwil-arnegg\/\"><span style=\"vertical-align: inherit;\"><span style=\"vertical-align: inherit;\"><span style=\"vertical-align: inherit;\"><span style=\"vertical-align: inherit;\">VBC Andwil-Arnegg<\/span><\/span><\/span><\/span><\/a><\/li><li><a href=\"https:\/\/shop.kustom.ch\/produkt-kategorie\/vbc-arbon\/\"><span style=\"vertical-align: inherit;\"><span style=\"vertical-align: inherit;\"><span style=\"vertical-align: inherit;\"><span style=\"vertical-align: inherit;\">VBC Arbon<\/span><\/span><\/span><\/span><\/a><\/li><li><a href=\"https:\/\/shop.kustom.ch\/produkt-kategorie\/vbc-wittenbach\/\"><span style=\"vertical-align: inherit;\"><span style=\"vertical-align: inherit;\"><span style=\"vertical-align: inherit;\"><span style=\"vertical-align: inherit;\">VBC Wittenbach<\/span><\/span><\/span><\/span><\/a><\/li><\/ul>\t\t\t\t\t\t\t\t<\/div>\n\t\t\t\t<\/div>\n\t\t\t\t<\/div>\n\t\t\t\t<\/div>\n\t\t\t\t<\/div>\n\t\t\t\t<\/div>\n\t\t\t\t<\/div>","protected":false},"excerpt":{"rendered":"<p>Athletes in Action Basketball Frauenfeld BSG Vorderland FC Heiden FC Neukirch-Egnach FPW Crossfit GETU Stein-B\u00fchler Junge Weinfreunde Nordostschweiz Jungschar Romanshorn Unihockey Kanu-Club Romanshorn LAR Bischofszell LC Br\u00fchl LC Frauenfeld LLT Oberwallis NET Tennis Academy Projektwoche SC Br\u00fchl Spieler SC Br\u00fchl Trainer SC Herisau Schwimmclub Winterthur Sportamt Thurgau Sportamt Z\u00fcrich St. Galler Turnverband SVRI Funktion\u00e4re SVRI [&hellip;]<\/p>\n","protected":false},"author":2,"featured_media":0,"parent":0,"menu_order":0,"comment_status":"closed","ping_status":"closed","template":"elementor_header_footer","meta":{"footnotes":""},"class_list":["post-110858","page","type-page","status-publish","hentry"],"acf":[],"_links":{"self":[{"href":"https:\/\/shop.kustom.ch\/en\/wp-json\/wp\/v2\/pages\/110858"}],"collection":[{"href":"https:\/\/shop.kustom.ch\/en\/wp-json\/wp\/v2\/pages"}],"about":[{"href":"https:\/\/shop.kustom.ch\/en\/wp-json\/wp\/v2\/types\/page"}],"author":[{"embeddable":true,"href":"https:\/\/shop.kustom.ch\/en\/wp-json\/wp\/v2\/users\/2"}],"replies":[{"embeddable":true,"href":"https:\/\/shop.kustom.ch\/en\/wp-json\/wp\/v2\/comments?post=110858"}],"version-history":[{"count":3,"href":"https:\/\/shop.kustom.ch\/en\/wp-json\/wp\/v2\/pages\/110858\/revisions"}],"predecessor-version":[{"id":692396,"href":"https:\/\/shop.kustom.ch\/en\/wp-json\/wp\/v2\/pages\/110858\/revisions\/692396"}],"wp:attachment":[{"href":"https:\/\/shop.kustom.ch\/en\/wp-json\/wp\/v2\/media?parent=110858"}],"curies":[{"name":"wp","href":"https:\/\/api.w.org\/{rel}","templated":true}]}}